{"id":2058,"date":"2026-03-01T14:48:26","date_gmt":"2026-03-01T14:48:26","guid":{"rendered":"https:\/\/a-lepoque.com\/arrangements\/"},"modified":"2026-03-01T15:02:43","modified_gmt":"2026-03-01T15:02:43","slug":"arrangements","status":"publish","type":"page","link":"https:\/\/a-lepoque.com\/de\/arrangements\/","title":{"rendered":"Arrangements"},"content":{"rendered":"\t\t<div data-elementor-type=\"wp-page\" data-elementor-id=\"2058\" class=\"elementor elementor-2058\" data-elementor-post-type=\"page\">\n\t\t\t\t\t\t<section class=\"elementor-section elementor-top-section elementor-element elementor-element-5194c9bd elementor-section-boxed elementor-section-height-default elementor-section-height-default\" data-id=\"5194c9bd\" data-element_type=\"section\" data-e-type=\"section\">\n\t\t\t\t\t\t<div class=\"elementor-container elementor-column-gap-default\">\n\t\t\t\t\t<div class=\"elementor-column elementor-col-100 elementor-top-column elementor-element elementor-element-74b78054\" data-id=\"74b78054\" data-element_type=\"column\" data-e-type=\"column\">\n\t\t\t<div class=\"elementor-widget-wrap elementor-element-populated\">\n\t\t\t\t\t\t<div class=\"elementor-element elementor-element-3a42ad13 elementor-widget elementor-widget-text-editor\" data-id=\"3a42ad13\" data-element_type=\"widget\" data-e-type=\"widget\" data-widget_type=\"text-editor.default\">\n\t\t\t\t<div class=\"elementor-widget-container\">\n\t\t\t\t\t\t\t\t\t<p>Bei uns dreht sich alles darum, sich in Ihrem eigenen Tempo zu am\u00fcsieren. Ob Sie zur Erholung, f\u00fcr Romantik oder f\u00fcr kulinarische Entdeckungen kommen, wir haben sorgf\u00e4ltig Pakete zusammengestellt, die Ihrem Aufenthalt das gewisse Extra verleihen. <\/p><p>Lassen Sie sich von leckeren Abendessen, entspannenden Momenten und besonderen Erlebnissen in der Umgebung \u00fcberraschen. F\u00fcr alles ist bis ins kleinste Detail gesorgt, so dass Sie sich nur noch entspannen m\u00fcssen. Im Indre finden Sie keinen Massentourismus, sondern Raum und Ruhe. Erkunden Sie malerische D\u00f6rfer, Schl\u00f6sser und M\u00e4rkte in der Umgebung. Oder genie\u00dfen Sie es einfach in unserem Garten mit einem guten Buch und einem Drink.    <\/p>\t\t\t\t\t\t\t\t<\/div>\n\t\t\t\t<\/div>\n\t\t\t\t\t<\/div>\n\t\t<\/div>\n\t\t\t\t\t<\/div>\n\t\t<\/section>\n\t\t\t\t<section class=\"elementor-section elementor-top-section elementor-element elementor-element-626cf7d elementor-section-boxed elementor-section-height-default elementor-section-height-default\" data-id=\"626cf7d\" data-element_type=\"section\" data-e-type=\"section\">\n\t\t\t\t\t\t<div class=\"elementor-container elementor-column-gap-default\">\n\t\t\t\t\t<div class=\"elementor-column elementor-col-100 elementor-top-column elementor-element elementor-element-510a4c0\" data-id=\"510a4c0\" data-element_type=\"column\" data-e-type=\"column\">\n\t\t\t<div class=\"elementor-widget-wrap elementor-element-populated\">\n\t\t\t\t\t\t\t<\/div>\n\t\t<\/div>\n\t\t\t\t\t<\/div>\n\t\t<\/section>\n\t\t\t\t<\/div>\n\t\t","protected":false},"excerpt":{"rendered":"<p>Bei uns dreht sich alles darum, sich in Ihrem eigenen Tempo zu am\u00fcsieren. Ob Sie zur Erholung, f\u00fcr Romantik oder f\u00fcr kulinarische Entdeckungen kommen, wir haben sorgf\u00e4ltig Pakete zusammengestellt, die Ihrem Aufenthalt das gewisse Extra verleihen. Lassen Sie sich von leckeren Abendessen, entspannenden Momenten und besonderen Erlebnissen in der Umgebung \u00fcberraschen. F\u00fcr alles ist bis [&hellip;]<\/p>\n","protected":false},"author":2,"featured_media":2085,"parent":0,"menu_order":0,"comment_status":"closed","ping_status":"closed","template":"","meta":{"site-sidebar-layout":"default","site-content-layout":"","ast-site-content-layout":"default","site-content-style":"default","site-sidebar-style":"default","ast-global-header-display":"","ast-banner-title-visibility":"","ast-main-header-display":"","ast-hfb-above-header-display":"","ast-hfb-below-header-display":"","ast-hfb-mobile-header-display":"","site-post-title":"","ast-breadcrumbs-content":"","ast-featured-img":"","footer-sml-layout":"","ast-disable-related-posts":"","theme-transparent-header-meta":"","adv-header-id-meta":"","stick-header-meta":"","header-above-stick-meta":"","header-main-stick-meta":"","header-below-stick-meta":"","astra-migrate-meta-layouts":"default","ast-page-background-enabled":"default","ast-page-background-meta":{"desktop":{"background-color":"var(--ast-global-color-4)","background-image":"","background-repeat":"repeat","background-position":"center center","background-size":"auto","background-attachment":"scroll","background-type":"","background-media":"","overlay-type":"","overlay-color":"","overlay-opacity":"","overlay-gradient":""},"tablet":{"background-color":"","background-image":"","background-repeat":"repeat","background-position":"center center","background-size":"auto","background-attachment":"scroll","background-type":"","background-media":"","overlay-type":"","overlay-color":"","overlay-opacity":"","overlay-gradient":""},"mobile":{"background-color":"","background-image":"","background-repeat":"repeat","background-position":"center center","background-size":"auto","background-attachment":"scroll","background-type":"","background-media":"","overlay-type":"","overlay-color":"","overlay-opacity":"","overlay-gradient":""}},"ast-content-background-meta":{"desktop":{"background-color":"var(--ast-global-color-5)","background-image":"","background-repeat":"repeat","background-position":"center center","background-size":"auto","background-attachment":"scroll","background-type":"","background-media":"","overlay-type":"","overlay-color":"","overlay-opacity":"","overlay-gradient":""},"tablet":{"background-color":"var(--ast-global-color-5)","background-image":"","background-repeat":"repeat","background-position":"center center","background-size":"auto","background-attachment":"scroll","background-type":"","background-media":"","overlay-type":"","overlay-color":"","overlay-opacity":"","overlay-gradient":""},"mobile":{"background-color":"var(--ast-global-color-5)","background-image":"","background-repeat":"repeat","background-position":"center center","background-size":"auto","background-attachment":"scroll","background-type":"","background-media":"","overlay-type":"","overlay-color":"","overlay-opacity":"","overlay-gradient":""}},"footnotes":""},"class_list":["post-2058","page","type-page","status-publish","has-post-thumbnail","hentry"],"yoast_head":"<!-- This site is optimized with the Yoast SEO plugin v27.4 - https:\/\/yoast.com\/product\/yoast-seo-wordpress\/ -->\n<title>Arrangements - A l&#039;Epoque<\/title>\n<meta name=\"robots\" content=\"index, follow, max-snippet:-1, max-image-preview:large, max-video-preview:-1\" \/>\n<link rel=\"canonical\" href=\"https:\/\/a-lepoque.com\/de\/arrangements\/\" \/>\n<meta property=\"og:locale\" content=\"de_DE\" \/>\n<meta property=\"og:type\" content=\"article\" \/>\n<meta property=\"og:title\" content=\"Arrangements - A l&#039;Epoque\" \/>\n<meta property=\"og:description\" content=\"Bei uns dreht sich alles darum, sich in Ihrem eigenen Tempo zu am\u00fcsieren. Ob Sie zur Erholung, f\u00fcr Romantik oder f\u00fcr kulinarische Entdeckungen kommen, wir haben sorgf\u00e4ltig Pakete zusammengestellt, die Ihrem Aufenthalt das gewisse Extra verleihen. Lassen Sie sich von leckeren Abendessen, entspannenden Momenten und besonderen Erlebnissen in der Umgebung \u00fcberraschen. F\u00fcr alles ist bis [&hellip;]\" \/>\n<meta property=\"og:url\" content=\"https:\/\/a-lepoque.com\/de\/arrangements\/\" \/>\n<meta property=\"og:site_name\" content=\"A l&#039;Epoque\" \/>\n<meta property=\"article:modified_time\" content=\"2026-03-01T15:02:43+00:00\" \/>\n<meta property=\"og:image\" content=\"https:\/\/a-lepoque.com\/wp-content\/uploads\/2026\/03\/IMG_7371-scaled.jpeg\" \/>\n\t<meta property=\"og:image:width\" content=\"2560\" \/>\n\t<meta property=\"og:image:height\" content=\"1920\" \/>\n\t<meta property=\"og:image:type\" content=\"image\/jpeg\" \/>\n<meta name=\"twitter:card\" content=\"summary_large_image\" \/>\n<meta name=\"twitter:label1\" content=\"Gesch\u00e4tzte Lesezeit\" \/>\n\t<meta name=\"twitter:data1\" content=\"1\u00a0Minute\" \/>\n<!-- \/ Yoast SEO plugin. -->","yoast_head_json":{"title":"Arrangements - A l&#039;Epoque","robots":{"index":"index","follow":"follow","max-snippet":"max-snippet:-1","max-image-preview":"max-image-preview:large","max-video-preview":"max-video-preview:-1"},"canonical":"https:\/\/a-lepoque.com\/de\/arrangements\/","og_locale":"de_DE","og_type":"article","og_title":"Arrangements - A l&#039;Epoque","og_description":"Bei uns dreht sich alles darum, sich in Ihrem eigenen Tempo zu am\u00fcsieren. Ob Sie zur Erholung, f\u00fcr Romantik oder f\u00fcr kulinarische Entdeckungen kommen, wir haben sorgf\u00e4ltig Pakete zusammengestellt, die Ihrem Aufenthalt das gewisse Extra verleihen. Lassen Sie sich von leckeren Abendessen, entspannenden Momenten und besonderen Erlebnissen in der Umgebung \u00fcberraschen. F\u00fcr alles ist bis [&hellip;]","og_url":"https:\/\/a-lepoque.com\/de\/arrangements\/","og_site_name":"A l&#039;Epoque","article_modified_time":"2026-03-01T15:02:43+00:00","og_image":[{"width":2560,"height":1920,"url":"https:\/\/a-lepoque.com\/wp-content\/uploads\/2026\/03\/IMG_7371-scaled.jpeg","type":"image\/jpeg"}],"twitter_card":"summary_large_image","twitter_misc":{"Gesch\u00e4tzte Lesezeit":"1\u00a0Minute"},"schema":{"@context":"https:\/\/schema.org","@graph":[{"@type":"WebPage","@id":"https:\/\/a-lepoque.com\/de\/arrangements\/","url":"https:\/\/a-lepoque.com\/de\/arrangements\/","name":"Arrangements - A l&#039;Epoque","isPartOf":{"@id":"https:\/\/a-lepoque.com\/de\/#website"},"primaryImageOfPage":{"@id":"https:\/\/a-lepoque.com\/de\/arrangements\/#primaryimage"},"image":{"@id":"https:\/\/a-lepoque.com\/de\/arrangements\/#primaryimage"},"thumbnailUrl":"https:\/\/a-lepoque.com\/wp-content\/uploads\/2026\/03\/IMG_7371-scaled.jpeg","datePublished":"2026-03-01T14:48:26+00:00","dateModified":"2026-03-01T15:02:43+00:00","breadcrumb":{"@id":"https:\/\/a-lepoque.com\/de\/arrangements\/#breadcrumb"},"inLanguage":"de","potentialAction":[{"@type":"ReadAction","target":["https:\/\/a-lepoque.com\/de\/arrangements\/"]}]},{"@type":"ImageObject","inLanguage":"de","@id":"https:\/\/a-lepoque.com\/de\/arrangements\/#primaryimage","url":"https:\/\/a-lepoque.com\/wp-content\/uploads\/2026\/03\/IMG_7371-scaled.jpeg","contentUrl":"https:\/\/a-lepoque.com\/wp-content\/uploads\/2026\/03\/IMG_7371-scaled.jpeg","width":2560,"height":1920},{"@type":"BreadcrumbList","@id":"https:\/\/a-lepoque.com\/de\/arrangements\/#breadcrumb","itemListElement":[{"@type":"ListItem","position":1,"name":"Home","item":"https:\/\/a-lepoque.com\/de\/"},{"@type":"ListItem","position":2,"name":"Arrangements"}]},{"@type":"WebSite","@id":"https:\/\/a-lepoque.com\/de\/#website","url":"https:\/\/a-lepoque.com\/de\/","name":"A-Lepoque","description":"","publisher":{"@id":"https:\/\/a-lepoque.com\/de\/#organization"},"potentialAction":[{"@type":"SearchAction","target":{"@type":"EntryPoint","urlTemplate":"https:\/\/a-lepoque.com\/de\/?s={search_term_string}"},"query-input":{"@type":"PropertyValueSpecification","valueRequired":true,"valueName":"search_term_string"}}],"inLanguage":"de"},{"@type":"Organization","@id":"https:\/\/a-lepoque.com\/de\/#organization","name":"A-Lepoque","url":"https:\/\/a-lepoque.com\/de\/","logo":{"@type":"ImageObject","inLanguage":"de","@id":"https:\/\/a-lepoque.com\/de\/#\/schema\/logo\/image\/","url":"https:\/\/a-lepoque.com\/wp-content\/uploads\/2024\/09\/A-LEpoque_Logo-design_RGB.png","contentUrl":"https:\/\/a-lepoque.com\/wp-content\/uploads\/2024\/09\/A-LEpoque_Logo-design_RGB.png","width":1636,"height":1832,"caption":"A-Lepoque"},"image":{"@id":"https:\/\/a-lepoque.com\/de\/#\/schema\/logo\/image\/"}}]}},"_links":{"self":[{"href":"https:\/\/a-lepoque.com\/de\/wp-json\/wp\/v2\/pages\/2058","targetHints":{"allow":["GET"]}}],"collection":[{"href":"https:\/\/a-lepoque.com\/de\/wp-json\/wp\/v2\/pages"}],"about":[{"href":"https:\/\/a-lepoque.com\/de\/wp-json\/wp\/v2\/types\/page"}],"author":[{"embeddable":true,"href":"https:\/\/a-lepoque.com\/de\/wp-json\/wp\/v2\/users\/2"}],"replies":[{"embeddable":true,"href":"https:\/\/a-lepoque.com\/de\/wp-json\/wp\/v2\/comments?post=2058"}],"version-history":[{"count":9,"href":"https:\/\/a-lepoque.com\/de\/wp-json\/wp\/v2\/pages\/2058\/revisions"}],"predecessor-version":[{"id":2080,"href":"https:\/\/a-lepoque.com\/de\/wp-json\/wp\/v2\/pages\/2058\/revisions\/2080"}],"wp:featuredmedia":[{"embeddable":true,"href":"https:\/\/a-lepoque.com\/de\/wp-json\/wp\/v2\/media\/2085"}],"wp:attachment":[{"href":"https:\/\/a-lepoque.com\/de\/wp-json\/wp\/v2\/media?parent=2058"}],"curies":[{"name":"wp","href":"https:\/\/api.w.org\/{rel}","templated":true}]}}