{"id":2120,"date":"2026-03-02T09:28:36","date_gmt":"2026-03-02T08:28:36","guid":{"rendered":"https:\/\/a-lepoque.com\/arrangements-2\/"},"modified":"2026-04-16T11:44:09","modified_gmt":"2026-04-16T09:44:09","slug":"arrangements-2","status":"publish","type":"page","link":"https:\/\/a-lepoque.com\/de\/arrangements-2\/","title":{"rendered":"Arrangements"},"content":{"rendered":"\t\t<div data-elementor-type=\"wp-page\" data-elementor-id=\"2120\" class=\"elementor elementor-2120 elementor-2114\" data-elementor-post-type=\"page\">\n\t\t\t\t\t\t<section class=\"elementor-section elementor-top-section elementor-element elementor-element-6083d5d elementor-section-height-min-height elementor-section-stretched elementor-section-boxed elementor-section-height-default elementor-section-items-middle\" data-id=\"6083d5d\" data-element_type=\"section\" data-e-type=\"section\" data-settings=\"{&quot;background_background&quot;:&quot;classic&quot;,&quot;stretch_section&quot;:&quot;section-stretched&quot;}\">\n\t\t\t\t\t\t\t<div class=\"elementor-background-overlay\"><\/div>\n\t\t\t\t\t\t\t<div class=\"elementor-container elementor-column-gap-default\">\n\t\t\t\t\t<div class=\"elementor-column elementor-col-100 elementor-top-column elementor-element elementor-element-f21e749\" data-id=\"f21e749\" data-element_type=\"column\" data-e-type=\"column\">\n\t\t\t<div class=\"elementor-widget-wrap elementor-element-populated\">\n\t\t\t\t\t\t<div class=\"elementor-element elementor-element-41de4a6 elementor-widget elementor-widget-heading\" data-id=\"41de4a6\" data-element_type=\"widget\" data-e-type=\"widget\" data-widget_type=\"heading.default\">\n\t\t\t\t<div class=\"elementor-widget-container\">\n\t\t\t\t\t<h1 class=\"elementor-heading-title elementor-size-default\">Arrangements<\/h1>\t\t\t\t<\/div>\n\t\t\t\t<\/div>\n\t\t\t\t\t<\/div>\n\t\t<\/div>\n\t\t\t\t\t<\/div>\n\t\t<\/section>\n\t\t\t\t<section class=\"elementor-section elementor-top-section elementor-element elementor-element-536120d elementor-section-boxed elementor-section-height-default elementor-section-height-default\" data-id=\"536120d\" data-element_type=\"section\" data-e-type=\"section\" data-settings=\"{&quot;background_background&quot;:&quot;classic&quot;}\">\n\t\t\t\t\t\t<div class=\"elementor-container elementor-column-gap-default\">\n\t\t\t\t\t<div class=\"elementor-column elementor-col-100 elementor-top-column elementor-element elementor-element-3b7cd66\" data-id=\"3b7cd66\" data-element_type=\"column\" data-e-type=\"column\">\n\t\t\t<div class=\"elementor-widget-wrap elementor-element-populated\">\n\t\t\t\t\t\t<div class=\"elementor-element elementor-element-4680d13 elementor-widget elementor-widget-heading\" data-id=\"4680d13\" data-element_type=\"widget\" data-e-type=\"widget\" data-widget_type=\"heading.default\">\n\t\t\t\t<div class=\"elementor-widget-container\">\n\t\t\t\t\t<h2 class=\"elementor-heading-title elementor-size-default\">Pauschalangebote im a l'Epoque<\/h2>\t\t\t\t<\/div>\n\t\t\t\t<\/div>\n\t\t\t\t<div class=\"elementor-element elementor-element-867dfee elementor-widget elementor-widget-text-editor\" data-id=\"867dfee\" data-element_type=\"widget\" data-e-type=\"widget\" data-widget_type=\"text-editor.default\">\n\t\t\t\t<div class=\"elementor-widget-container\">\n\t\t\t\t\t\t\t\t\t<p class=\"font-claude-response-body break-words whitespace-normal leading-[1.7]\">Bei uns dreht sich alles darum, sich in Ihrem eigenen Tempo zu am\u00fcsieren. Egal, ob Sie die Ruhe, den Freiraum oder kulinarische Entdeckungen suchen, wir haben sorgf\u00e4ltig Pakete zusammengestellt, die Ihrem Aufenthalt das gewisse Extra verleihen. Im Indre finden Sie keinen Massentourismus, sondern Ruhe, franz\u00f6sischen Charme und eine Landschaft, in der Sie sich verlieren k\u00f6nnen.  <\/p>\n<p class=\"font-claude-response-body break-words whitespace-normal leading-[1.7]\">Alle unsere Pakete beinhalten eine \u00dcbernachtung und ein komplettes Fr\u00fchst\u00fcck mit lokalen Produkten. Sie brauchen also nichts im Voraus zu planen und k\u00f6nnen einfach kommen und genie\u00dfen. <\/p>\t\t\t\t\t\t\t\t<\/div>\n\t\t\t\t<\/div>\n\t\t\t\t<div class=\"elementor-element elementor-element-81aa721 elementor-widget elementor-widget-menu-anchor\" data-id=\"81aa721\" data-element_type=\"widget\" data-e-type=\"widget\" data-widget_type=\"menu-anchor.default\">\n\t\t\t\t<div class=\"elementor-widget-container\">\n\t\t\t\t\t\t\t<div class=\"elementor-menu-anchor\" id=\"LangsamerAufenthalt\"><\/div>\n\t\t\t\t\t\t<\/div>\n\t\t\t\t<\/div>\n\t\t\t\t<div class=\"elementor-element elementor-element-288b0fd elementor-widget elementor-widget-heading\" data-id=\"288b0fd\" data-element_type=\"widget\" data-e-type=\"widget\" data-widget_type=\"heading.default\">\n\t\t\t\t<div class=\"elementor-widget-container\">\n\t\t\t\t\t<h2 class=\"elementor-heading-title elementor-size-default\">Slow Stay - 2 N\u00e4chte der Entspannung<\/h2>\t\t\t\t<\/div>\n\t\t\t\t<\/div>\n\t\t\t\t<div class=\"elementor-element elementor-element-d8334e7 elementor-widget elementor-widget-text-editor\" data-id=\"d8334e7\" data-element_type=\"widget\" data-e-type=\"widget\" data-widget_type=\"text-editor.default\">\n\t\t\t\t<div class=\"elementor-widget-container\">\n\t\t\t\t\t\t\t\t\t<p class=\"font-claude-response-body break-words whitespace-normal leading-[1.7]\">M\u00f6chten Sie dem Alltag entfliehen, ohne Hektik? Unser Slow Stay ist wie geschaffen f\u00fcr alle, die Ruhe und Erholung suchen. Zwei N\u00e4chte geben Ihnen Raum, um zu landen, zu genie\u00dfen und die Region in aller Ruhe zu entdecken &#8211; mit ma\u00dfgeschneiderten Tipps von Max &amp; Christine.  <\/p>\n<p class=\"font-claude-response-body break-words whitespace-normal leading-[1.7]\">Mit einer Nacht kommen Sie haupts\u00e4chlich an und reisen wieder ab. Bei zwei \u00dcbernachtungen haben Sie Zeit, sich richtig zu entspannen: ein ruhiger Abend im Garten oder an der <a class=\"underline underline underline-offset-2 decoration-1 decoration-current\/40 hover:decoration-current focus:decoration-current\" href=\"https:\/\/a-lepoque.com\/de\/table-dhotes\/\">Table d&#8217;h\u00f4tes<\/a>, ein sch\u00f6ner Tag in der <a class=\"underline underline underline-offset-2 decoration-1 decoration-current\/40 hover:decoration-current focus:decoration-current\" href=\"https:\/\/a-lepoque.com\/de\/umgebungen\/\">Umgebung<\/a> und ein entspanntes Fr\u00fchst\u00fcck dazu. F\u00fcr uns ist das die ideale Formel &#8211; und unsere G\u00e4ste stimmen zu.  <\/p>\n<h3 class=\"font-claude-response-body break-words whitespace-normal leading-[1.7]\">Was ist inbegriffen?<br><br><\/h3>\n<ul class=\"[li_&amp;]:mb-0 [li_&amp;]:mt-1 [li_&amp;]:gap-1 [&amp;:not(:last-child)_ul]:pb-1 [&amp;:not(:last-child)_ol]:pb-1 list-disc flex flex-col gap-1 pl-8 mb-3\">\n<li class=\"whitespace-normal break-words pl-2\">2 N\u00e4chte in einem unserer gem\u00fctlichen <a class=\"underline underline underline-offset-2 decoration-1 decoration-current\/40 hover:decoration-current focus:decoration-current\" href=\"https:\/\/a-lepoque.com\/de\/zimmer-preise\/\">G\u00e4stezimmer<\/a><\/li>\n<li class=\"whitespace-normal break-words pl-2\">2x reichhaltiges Fr\u00fchst\u00fcck mit frischen, lokalen Produkten<\/li>\n<li class=\"whitespace-normal break-words pl-2\">Ruhe, Stille und pers\u00f6nliche, auf die Region zugeschnittene Tipps<\/li>\n<li class=\"whitespace-normal break-words pl-2\">Optional: Table d&#8217;h\u00f4tes nach Reservierung (\u20ac24 p.P., ohne Getr\u00e4nke)<\/li>\n<\/ul>\n<h3>Was k\u00f6nnen Sie in 2 Tagen tun?<\/h3>\n<p>Die Umgebung eignet sich hervorragend f\u00fcr kurze Aufenthalte. Denken Sie an einen Besuch im Ch\u00e2teau de Valen\u00e7ay, einen Spaziergang im Naturpark Brenne, einen Vormittag auf dem Markt oder einfach einen Tag im Garten mit einem guten Buch. Wir kennen die Region und stellen Ihnen gerne ein ma\u00dfgeschneidertes Programm zusammen &#8211; ganz nach Ihren W\u00fcnschen.  <\/p>\n<p class=\"font-claude-response-body break-words whitespace-normal leading-[1.7]\">Der Slow Stay ist das ganze Jahr \u00fcber verf\u00fcgbar, je nach Verf\u00fcgbarkeit der Zimmer. Der Preis basiert auf dem Zimmerpreis (inklusive Fr\u00fchst\u00fcck und Kurtaxe). Sehen Sie sich die <a class=\"underline underline underline-offset-2 decoration-1 decoration-current\/40 hover:decoration-current focus:decoration-current\" href=\"https:\/\/a-lepoque.com\/de\/zimmer-preise\/\">Zimmer und Preise<\/a> an oder kontaktieren Sie <a class=\"underline underline underline-offset-2 decoration-1 decoration-current\/40 hover:decoration-current focus:decoration-current\" href=\"https:\/\/a-lepoque.com\/de\/kontakt\/\">uns<\/a> f\u00fcr die Verf\u00fcgbarkeit.  <\/p>\t\t\t\t\t\t\t\t<\/div>\n\t\t\t\t<\/div>\n\t\t\t\t\t<\/div>\n\t\t<\/div>\n\t\t\t\t\t<\/div>\n\t\t<\/section>\n\t\t\t\t<section class=\"elementor-section elementor-top-section elementor-element elementor-element-ce98b9a elementor-section-stretched elementor-section-boxed elementor-section-height-default elementor-section-height-default\" data-id=\"ce98b9a\" data-element_type=\"section\" data-e-type=\"section\" data-settings=\"{&quot;stretch_section&quot;:&quot;section-stretched&quot;}\">\n\t\t\t\t\t\t<div class=\"elementor-container elementor-column-gap-default\">\n\t\t\t\t\t<div class=\"elementor-column elementor-col-100 elementor-top-column elementor-element elementor-element-d9be5d0\" data-id=\"d9be5d0\" data-element_type=\"column\" data-e-type=\"column\">\n\t\t\t<div class=\"elementor-widget-wrap elementor-element-populated\">\n\t\t\t\t\t\t<div class=\"elementor-element elementor-element-bab4699 elementor-widget elementor-widget-heading\" data-id=\"bab4699\" data-element_type=\"widget\" data-e-type=\"widget\" data-widget_type=\"heading.default\">\n\t\t\t\t<div class=\"elementor-widget-container\">\n\t\t\t\t\t<h2 class=\"elementor-heading-title elementor-size-default\">H\u00e4ufig gestellte Fragen<\/h2>\t\t\t\t<\/div>\n\t\t\t\t<\/div>\n\t\t\t\t<div class=\"elementor-element elementor-element-17996e8 uael-faq-box-layout-yes align-at-left elementor-widget elementor-widget-uael-faq\" data-id=\"17996e8\" data-element_type=\"widget\" data-e-type=\"widget\" data-widget_type=\"uael-faq.default\">\n\t\t\t\t<div class=\"elementor-widget-container\">\n\t\t\t\t\t\n\t\t\t<div id='uael-faq-wrapper-247' class=\"uael-faq-wrapper\">\n\t\t\t\t<div class=\"uael-faq-container uael-faq-layout-accordion\" data-layout=\"accordion\" >\n\t\t\t\t\t\t\t\t\t\t\t\t<div id=\"uael-accordion-5edac0b\" class=\"uael-faq-accordion\" role=\"tablist\">\n\t\t\t\t\t\t\t\t<div class= \"uael-accordion-title\" aria-expanded=\"false\" role=\"tab\">\n\t\t\t\t\t\t\t\t\t<span class=\"uael-accordion-icon uael-accordion-icon-left\">\n\t\t\t\t\t\t\t\t\t\t<span class=\"uael-accordion-icon-closed\"><i class=\"fas fa-angle-right\"><\/i><\/span>\n\t\t\t\t\t\t\t\t\t\t<span class=\"uael-accordion-icon-opened\"><i class=\"fas fa-angle-up\"><\/i><\/span>\n\t\t\t\t\t\t\t\t\t<\/span>\n\t\t\t\t\t\t\t\t\t<span class=\"uael-question-5edac0b uael-question-span\" tabindex=\"0\" id=\"uael-faq-1-69e0b7ed6ff11\">K\u00f6nnen wir auch 1 Nacht buchen?<\/span>\n\t\t\t\t\t\t\t\t<\/div>\n\t\t\t\t\t\t\t\t<div class=\"uael-accordion-content\" role=\"tabpanel\">\n\t\t\t\t\t\t\t\t\t<span>\n\t\t\t\t\t\t\t\t\t<span><p>Das ist m\u00f6glich, aber f\u00fcr echte Erholung empfehlen wir mindestens 2 N\u00e4chte. So haben Sie Zeit, an Land zu gehen, die Gegend zu erkunden und wirklich zu entspannen. <\/p><\/span>\t\t\t\t\t\t\t\t\t<\/span>\n\t\t\t\t\t\t\t\t<\/div>\n\t\t\t\t\t\t\t<\/div>\n\t\t\t\t\t\t\t\t\t\t\t\t\t\t<div id=\"uael-accordion-1e65a31\" class=\"uael-faq-accordion\" role=\"tablist\">\n\t\t\t\t\t\t\t\t<div class= \"uael-accordion-title\" aria-expanded=\"false\" role=\"tab\">\n\t\t\t\t\t\t\t\t\t<span class=\"uael-accordion-icon uael-accordion-icon-left\">\n\t\t\t\t\t\t\t\t\t\t<span class=\"uael-accordion-icon-closed\"><i class=\"fas fa-angle-right\"><\/i><\/span>\n\t\t\t\t\t\t\t\t\t\t<span class=\"uael-accordion-icon-opened\"><i class=\"fas fa-angle-up\"><\/i><\/span>\n\t\t\t\t\t\t\t\t\t<\/span>\n\t\t\t\t\t\t\t\t\t<span class=\"uael-question-1e65a31 uael-question-span\" tabindex=\"0\" id=\"uael-faq-2-69e0b7ed6ff58\">Ist das Fr\u00fchst\u00fcck inbegriffen?<\/span>\n\t\t\t\t\t\t\t\t<\/div>\n\t\t\t\t\t\t\t\t<div class=\"uael-accordion-content\" role=\"tabpanel\">\n\t\t\t\t\t\t\t\t\t<span>\n\t\t\t\t\t\t\t\t\t<span><p>Ja, alle unsere Pakete beinhalten ein komplettes Fr\u00fchst\u00fcck mit lokalen Produkten.<\/p><\/span>\t\t\t\t\t\t\t\t\t<\/span>\n\t\t\t\t\t\t\t\t<\/div>\n\t\t\t\t\t\t\t<\/div>\n\t\t\t\t\t\t\t\t\t\t\t\t\t\t<div id=\"uael-accordion-b835540\" class=\"uael-faq-accordion\" role=\"tablist\">\n\t\t\t\t\t\t\t\t<div class= \"uael-accordion-title\" aria-expanded=\"false\" role=\"tab\">\n\t\t\t\t\t\t\t\t\t<span class=\"uael-accordion-icon uael-accordion-icon-left\">\n\t\t\t\t\t\t\t\t\t\t<span class=\"uael-accordion-icon-closed\"><i class=\"fas fa-angle-right\"><\/i><\/span>\n\t\t\t\t\t\t\t\t\t\t<span class=\"uael-accordion-icon-opened\"><i class=\"fas fa-angle-up\"><\/i><\/span>\n\t\t\t\t\t\t\t\t\t<\/span>\n\t\t\t\t\t\t\t\t\t<span class=\"uael-question-b835540 uael-question-span\" tabindex=\"0\" id=\"uael-faq-3-69e0b7ed6ff87\">Ist Table d'h\u00f4tes inbegriffen?<\/span>\n\t\t\t\t\t\t\t\t<\/div>\n\t\t\t\t\t\t\t\t<div class=\"uael-accordion-content\" role=\"tabpanel\">\n\t\t\t\t\t\t\t\t\t<span>\n\t\t\t\t\t\t\t\t\t<span><p>Im Slow Stay ist ein <a class=\"underline underline underline-offset-2 decoration-1 decoration-current\/40 hover:decoration-current focus:decoration-current\" href=\"https:\/\/a-lepoque.com\/de\/table-dhotes\/\">Table d'h\u00f4tes<\/a> auf Vorbestellung m\u00f6glich (\u20ac24 p.P., ohne Getr\u00e4nke).<\/p><\/span>\t\t\t\t\t\t\t\t\t<\/span>\n\t\t\t\t\t\t\t\t<\/div>\n\t\t\t\t\t\t\t<\/div>\n\t\t\t\t\t\t\t\t\t\t\t\t\t\t<div id=\"uael-accordion-f5bedaa\" class=\"uael-faq-accordion\" role=\"tablist\">\n\t\t\t\t\t\t\t\t<div class= \"uael-accordion-title\" aria-expanded=\"false\" role=\"tab\">\n\t\t\t\t\t\t\t\t\t<span class=\"uael-accordion-icon uael-accordion-icon-left\">\n\t\t\t\t\t\t\t\t\t\t<span class=\"uael-accordion-icon-closed\"><i class=\"fas fa-angle-right\"><\/i><\/span>\n\t\t\t\t\t\t\t\t\t\t<span class=\"uael-accordion-icon-opened\"><i class=\"fas fa-angle-up\"><\/i><\/span>\n\t\t\t\t\t\t\t\t\t<\/span>\n\t\t\t\t\t\t\t\t\t<span class=\"uael-question-f5bedaa uael-question-span\" tabindex=\"0\" id=\"uael-faq-4-69e0b7ed6ffb4\">Ist es hier ruhig?<\/span>\n\t\t\t\t\t\t\t\t<\/div>\n\t\t\t\t\t\t\t\t<div class=\"uael-accordion-content\" role=\"tabpanel\">\n\t\t\t\t\t\t\t\t\t<span>\n\t\t\t\t\t\t\t\t\t<span><p>Ja. a l'Epoque liegt auf dem Land in der N\u00e4he von Bouges-le-Ch\u00e2teau, in einer ruhigen, l\u00e4ndlichen Umgebung ohne Massentourismus. <\/p><\/span>\t\t\t\t\t\t\t\t\t<\/span>\n\t\t\t\t\t\t\t\t<\/div>\n\t\t\t\t\t\t\t<\/div>\n\t\t\t\t\t\t\t\t\t\t\t\t\t\t<div id=\"uael-accordion-560b7e2\" class=\"uael-faq-accordion\" role=\"tablist\">\n\t\t\t\t\t\t\t\t<div class= \"uael-accordion-title\" aria-expanded=\"false\" role=\"tab\">\n\t\t\t\t\t\t\t\t\t<span class=\"uael-accordion-icon uael-accordion-icon-left\">\n\t\t\t\t\t\t\t\t\t\t<span class=\"uael-accordion-icon-closed\"><i class=\"fas fa-angle-right\"><\/i><\/span>\n\t\t\t\t\t\t\t\t\t\t<span class=\"uael-accordion-icon-opened\"><i class=\"fas fa-angle-up\"><\/i><\/span>\n\t\t\t\t\t\t\t\t\t<\/span>\n\t\t\t\t\t\t\t\t\t<span class=\"uael-question-560b7e2 uael-question-span\" tabindex=\"0\" id=\"uael-faq-5-69e0b7ed6ffe0\">K\u00f6nnen Sie ma\u00dfgeschneiderte Tipps geben?<\/span>\n\t\t\t\t\t\t\t\t<\/div>\n\t\t\t\t\t\t\t\t<div class=\"uael-accordion-content\" role=\"tabpanel\">\n\t\t\t\t\t\t\t\t\t<span>\n\t\t\t\t\t\t\t\t\t<span><p>Sicherlich. Wir kennen die Region gut und stellen Ihnen gerne ein Programm zusammen, das Ihren Interessen entspricht - ob Sie nun Schl\u00f6sser, die Natur, M\u00e4rkte oder einfach nur gutes Essen m\u00f6gen. <\/p><\/span>\t\t\t\t\t\t\t\t\t<\/span>\n\t\t\t\t\t\t\t\t<\/div>\n\t\t\t\t\t\t\t<\/div>\n\t\t\t\t\t\t\t\t\t\t\t\t\t\t<div id=\"uael-accordion-d43afcc\" class=\"uael-faq-accordion\" role=\"tablist\">\n\t\t\t\t\t\t\t\t<div class= \"uael-accordion-title\" aria-expanded=\"false\" role=\"tab\">\n\t\t\t\t\t\t\t\t\t<span class=\"uael-accordion-icon uael-accordion-icon-left\">\n\t\t\t\t\t\t\t\t\t\t<span class=\"uael-accordion-icon-closed\"><i class=\"fas fa-angle-right\"><\/i><\/span>\n\t\t\t\t\t\t\t\t\t\t<span class=\"uael-accordion-icon-opened\"><i class=\"fas fa-angle-up\"><\/i><\/span>\n\t\t\t\t\t\t\t\t\t<\/span>\n\t\t\t\t\t\t\t\t\t<span class=\"uael-question-d43afcc uael-question-span\" tabindex=\"0\" id=\"uael-faq-6-69e0b7ed70016\">Wird es weitere Pakete geben?<\/span>\n\t\t\t\t\t\t\t\t<\/div>\n\t\t\t\t\t\t\t\t<div class=\"uael-accordion-content\" role=\"tabpanel\">\n\t\t\t\t\t\t\t\t\t<span>\n\t\t\t\t\t\t\t\t\t<span><p>Ja, wir arbeiten an saisonalen Paketen. Behalten Sie die Website im Auge oder <a class=\"underline underline underline-offset-2 decoration-1 decoration-current\/40 hover:decoration-current focus:decoration-current\" href=\"https:\/\/a-lepoque.com\/de\/kontakt\/\">kontaktieren Sie<\/a> uns und wir werden Sie informieren. <\/p><\/span>\t\t\t\t\t\t\t\t\t<\/span>\n\t\t\t\t\t\t\t\t<\/div>\n\t\t\t\t\t\t\t<\/div>\n\t\t\t\t\t\t\t\t\t\t\t<\/div>\n\t\t\t<\/div>\n\t\t\t\t\t\t\t<\/div>\n\t\t\t\t<\/div>\n\t\t\t\t\t<\/div>\n\t\t<\/div>\n\t\t\t\t\t<\/div>\n\t\t<\/section>\n\t\t\t\t<\/div>\n\t\t","protected":false},"excerpt":{"rendered":"<p>Pauschalangebote im A l&#8217;Epoque Bei uns dreht sich alles darum, sich in Ihrem eigenen Tempo zu am\u00fcsieren. Egal, ob Sie die Ruhe, den Freiraum oder kulinarische Entdeckungen suchen, wir haben sorgf\u00e4ltig Pakete zusammengestellt, die Ihrem Aufenthalt das gewisse Extra verleihen. Im Indre finden Sie keinen Massentourismus, sondern Ruhe, franz\u00f6sischen Charme und eine Landschaft, in der [&hellip;]<\/p>\n","protected":false},"author":2,"featured_media":2091,"parent":0,"menu_order":0,"comment_status":"closed","ping_status":"closed","template":"elementor_header_footer","meta":{"site-sidebar-layout":"default","site-content-layout":"","ast-site-content-layout":"default","site-content-style":"default","site-sidebar-style":"default","ast-global-header-display":"","ast-banner-title-visibility":"","ast-main-header-display":"","ast-hfb-above-header-display":"","ast-hfb-below-header-display":"","ast-hfb-mobile-header-display":"","site-post-title":"","ast-breadcrumbs-content":"","ast-featured-img":"","footer-sml-layout":"","ast-disable-related-posts":"","theme-transparent-header-meta":"","adv-header-id-meta":"","stick-header-meta":"","header-above-stick-meta":"","header-main-stick-meta":"","header-below-stick-meta":"","astra-migrate-meta-layouts":"default","ast-page-background-enabled":"default","ast-page-background-meta":{"desktop":{"background-color":"var(--ast-global-color-4)","background-image":"","background-repeat":"repeat","background-position":"center center","background-size":"auto","background-attachment":"scroll","background-type":"","background-media":"","overlay-type":"","overlay-color":"","overlay-opacity":"","overlay-gradient":""},"tablet":{"background-color":"","background-image":"","background-repeat":"repeat","background-position":"center center","background-size":"auto","background-attachment":"scroll","background-type":"","background-media":"","overlay-type":"","overlay-color":"","overlay-opacity":"","overlay-gradient":""},"mobile":{"background-color":"","background-image":"","background-repeat":"repeat","background-position":"center center","background-size":"auto","background-attachment":"scroll","background-type":"","background-media":"","overlay-type":"","overlay-color":"","overlay-opacity":"","overlay-gradient":""}},"ast-content-background-meta":{"desktop":{"background-color":"var(--ast-global-color-5)","background-image":"","background-repeat":"repeat","background-position":"center center","background-size":"auto","background-attachment":"scroll","background-type":"","background-media":"","overlay-type":"","overlay-color":"","overlay-opacity":"","overlay-gradient":""},"tablet":{"background-color":"var(--ast-global-color-5)","background-image":"","background-repeat":"repeat","background-position":"center center","background-size":"auto","background-attachment":"scroll","background-type":"","background-media":"","overlay-type":"","overlay-color":"","overlay-opacity":"","overlay-gradient":""},"mobile":{"background-color":"var(--ast-global-color-5)","background-image":"","background-repeat":"repeat","background-position":"center center","background-size":"auto","background-attachment":"scroll","background-type":"","background-media":"","overlay-type":"","overlay-color":"","overlay-opacity":"","overlay-gradient":""}},"footnotes":""},"class_list":["post-2120","page","type-page","status-publish","has-post-thumbnail","hentry"],"yoast_head":"<!-- This site is optimized with the Yoast SEO plugin v27.4 - https:\/\/yoast.com\/product\/yoast-seo-wordpress\/ -->\n<title>Arrangements - A l&#039;Epoque<\/title>\n<meta name=\"robots\" content=\"index, follow, max-snippet:-1, max-image-preview:large, max-video-preview:-1\" \/>\n<link rel=\"canonical\" href=\"https:\/\/a-lepoque.com\/de\/arrangements-2\/\" \/>\n<meta property=\"og:locale\" content=\"de_DE\" \/>\n<meta property=\"og:type\" content=\"article\" \/>\n<meta property=\"og:title\" content=\"Arrangements - A l&#039;Epoque\" \/>\n<meta property=\"og:description\" content=\"Pauschalangebote im A l&#8217;Epoque Bei uns dreht sich alles darum, sich in Ihrem eigenen Tempo zu am\u00fcsieren. Egal, ob Sie die Ruhe, den Freiraum oder kulinarische Entdeckungen suchen, wir haben sorgf\u00e4ltig Pakete zusammengestellt, die Ihrem Aufenthalt das gewisse Extra verleihen. Im Indre finden Sie keinen Massentourismus, sondern Ruhe, franz\u00f6sischen Charme und eine Landschaft, in der [&hellip;]\" \/>\n<meta property=\"og:url\" content=\"https:\/\/a-lepoque.com\/de\/arrangements-2\/\" \/>\n<meta property=\"og:site_name\" content=\"A l&#039;Epoque\" \/>\n<meta property=\"article:modified_time\" content=\"2026-04-16T09:44:09+00:00\" \/>\n<meta property=\"og:image\" content=\"https:\/\/a-lepoque.com\/wp-content\/uploads\/2026\/03\/IMG_7373-scaled.jpeg\" \/>\n\t<meta property=\"og:image:width\" content=\"2560\" \/>\n\t<meta property=\"og:image:height\" content=\"1920\" \/>\n\t<meta property=\"og:image:type\" content=\"image\/jpeg\" \/>\n<meta name=\"twitter:card\" content=\"summary_large_image\" \/>\n<meta name=\"twitter:label1\" content=\"Gesch\u00e4tzte Lesezeit\" \/>\n\t<meta name=\"twitter:data1\" content=\"3\u00a0Minuten\" \/>\n<!-- \/ Yoast SEO plugin. -->","yoast_head_json":{"title":"Arrangements - A l&#039;Epoque","robots":{"index":"index","follow":"follow","max-snippet":"max-snippet:-1","max-image-preview":"max-image-preview:large","max-video-preview":"max-video-preview:-1"},"canonical":"https:\/\/a-lepoque.com\/de\/arrangements-2\/","og_locale":"de_DE","og_type":"article","og_title":"Arrangements - A l&#039;Epoque","og_description":"Pauschalangebote im A l&#8217;Epoque Bei uns dreht sich alles darum, sich in Ihrem eigenen Tempo zu am\u00fcsieren. Egal, ob Sie die Ruhe, den Freiraum oder kulinarische Entdeckungen suchen, wir haben sorgf\u00e4ltig Pakete zusammengestellt, die Ihrem Aufenthalt das gewisse Extra verleihen. Im Indre finden Sie keinen Massentourismus, sondern Ruhe, franz\u00f6sischen Charme und eine Landschaft, in der [&hellip;]","og_url":"https:\/\/a-lepoque.com\/de\/arrangements-2\/","og_site_name":"A l&#039;Epoque","article_modified_time":"2026-04-16T09:44:09+00:00","og_image":[{"width":2560,"height":1920,"url":"https:\/\/a-lepoque.com\/wp-content\/uploads\/2026\/03\/IMG_7373-scaled.jpeg","type":"image\/jpeg"}],"twitter_card":"summary_large_image","twitter_misc":{"Gesch\u00e4tzte Lesezeit":"3\u00a0Minuten"},"schema":{"@context":"https:\/\/schema.org","@graph":[{"@type":"WebPage","@id":"https:\/\/a-lepoque.com\/de\/arrangements-2\/","url":"https:\/\/a-lepoque.com\/de\/arrangements-2\/","name":"Arrangements - A l&#039;Epoque","isPartOf":{"@id":"https:\/\/a-lepoque.com\/de\/#website"},"primaryImageOfPage":{"@id":"https:\/\/a-lepoque.com\/de\/arrangements-2\/#primaryimage"},"image":{"@id":"https:\/\/a-lepoque.com\/de\/arrangements-2\/#primaryimage"},"thumbnailUrl":"https:\/\/a-lepoque.com\/wp-content\/uploads\/2026\/03\/IMG_7373-scaled.jpeg","datePublished":"2026-03-02T08:28:36+00:00","dateModified":"2026-04-16T09:44:09+00:00","breadcrumb":{"@id":"https:\/\/a-lepoque.com\/de\/arrangements-2\/#breadcrumb"},"inLanguage":"de","potentialAction":[{"@type":"ReadAction","target":["https:\/\/a-lepoque.com\/de\/arrangements-2\/"]}]},{"@type":"ImageObject","inLanguage":"de","@id":"https:\/\/a-lepoque.com\/de\/arrangements-2\/#primaryimage","url":"https:\/\/a-lepoque.com\/wp-content\/uploads\/2026\/03\/IMG_7373-scaled.jpeg","contentUrl":"https:\/\/a-lepoque.com\/wp-content\/uploads\/2026\/03\/IMG_7373-scaled.jpeg","width":2560,"height":1920,"caption":"Gelassene Ruhe an der Indre"},{"@type":"BreadcrumbList","@id":"https:\/\/a-lepoque.com\/de\/arrangements-2\/#breadcrumb","itemListElement":[{"@type":"ListItem","position":1,"name":"Home","item":"https:\/\/a-lepoque.com\/de\/startseite\/"},{"@type":"ListItem","position":2,"name":"Arrangements"}]},{"@type":"WebSite","@id":"https:\/\/a-lepoque.com\/de\/#website","url":"https:\/\/a-lepoque.com\/de\/","name":"A-Lepoque","description":"","publisher":{"@id":"https:\/\/a-lepoque.com\/de\/#organization"},"potentialAction":[{"@type":"SearchAction","target":{"@type":"EntryPoint","urlTemplate":"https:\/\/a-lepoque.com\/de\/?s={search_term_string}"},"query-input":{"@type":"PropertyValueSpecification","valueRequired":true,"valueName":"search_term_string"}}],"inLanguage":"de"},{"@type":"Organization","@id":"https:\/\/a-lepoque.com\/de\/#organization","name":"A-Lepoque","url":"https:\/\/a-lepoque.com\/de\/","logo":{"@type":"ImageObject","inLanguage":"de","@id":"https:\/\/a-lepoque.com\/de\/#\/schema\/logo\/image\/","url":"https:\/\/a-lepoque.com\/wp-content\/uploads\/2024\/09\/A-LEpoque_Logo-design_RGB.png","contentUrl":"https:\/\/a-lepoque.com\/wp-content\/uploads\/2024\/09\/A-LEpoque_Logo-design_RGB.png","width":1636,"height":1832,"caption":"A-Lepoque"},"image":{"@id":"https:\/\/a-lepoque.com\/de\/#\/schema\/logo\/image\/"}}]}},"_links":{"self":[{"href":"https:\/\/a-lepoque.com\/de\/wp-json\/wp\/v2\/pages\/2120","targetHints":{"allow":["GET"]}}],"collection":[{"href":"https:\/\/a-lepoque.com\/de\/wp-json\/wp\/v2\/pages"}],"about":[{"href":"https:\/\/a-lepoque.com\/de\/wp-json\/wp\/v2\/types\/page"}],"author":[{"embeddable":true,"href":"https:\/\/a-lepoque.com\/de\/wp-json\/wp\/v2\/users\/2"}],"replies":[{"embeddable":true,"href":"https:\/\/a-lepoque.com\/de\/wp-json\/wp\/v2\/comments?post=2120"}],"version-history":[{"count":17,"href":"https:\/\/a-lepoque.com\/de\/wp-json\/wp\/v2\/pages\/2120\/revisions"}],"predecessor-version":[{"id":3096,"href":"https:\/\/a-lepoque.com\/de\/wp-json\/wp\/v2\/pages\/2120\/revisions\/3096"}],"wp:featuredmedia":[{"embeddable":true,"href":"https:\/\/a-lepoque.com\/de\/wp-json\/wp\/v2\/media\/2091"}],"wp:attachment":[{"href":"https:\/\/a-lepoque.com\/de\/wp-json\/wp\/v2\/media?parent=2120"}],"curies":[{"name":"wp","href":"https:\/\/api.w.org\/{rel}","templated":true}]}}