{"id":545,"date":"2024-09-09T11:45:17","date_gmt":"2024-09-09T11:45:17","guid":{"rendered":"https:\/\/a-lepoque.com\/allgemeine-bedingungen-und-konditionen\/"},"modified":"2026-03-13T15:56:24","modified_gmt":"2026-03-13T15:56:24","slug":"allgemeine-bedingungen-und-konditionen","status":"publish","type":"page","link":"https:\/\/a-lepoque.com\/de\/allgemeine-bedingungen-und-konditionen\/","title":{"rendered":"Allgemeine Bedingungen und Konditionen"},"content":{"rendered":"\t\t<div data-elementor-type=\"wp-page\" data-elementor-id=\"545\" class=\"elementor elementor-545 elementor-200\" data-elementor-post-type=\"page\">\n\t\t\t\t\t\t<section class=\"elementor-section elementor-top-section elementor-element elementor-element-25cb8ff elementor-section-boxed elementor-section-height-default elementor-section-height-default\" data-id=\"25cb8ff\" data-element_type=\"section\" data-e-type=\"section\">\n\t\t\t\t\t\t<div class=\"elementor-container elementor-column-gap-default\">\n\t\t\t\t\t<div class=\"elementor-column elementor-col-100 elementor-top-column elementor-element elementor-element-a74dc20\" data-id=\"a74dc20\" data-element_type=\"column\" data-e-type=\"column\">\n\t\t\t<div class=\"elementor-widget-wrap elementor-element-populated\">\n\t\t\t\t\t\t<div class=\"elementor-element elementor-element-9256341 elementor-widget elementor-widget-text-editor\" data-id=\"9256341\" data-element_type=\"widget\" data-e-type=\"widget\" data-widget_type=\"text-editor.default\">\n\t\t\t\t<div class=\"elementor-widget-container\">\n\t\t\t\t\t\t\t\t\t<p>Um Missverst\u00e4ndnisse zu vermeiden, raten wir Ihnen, vor der Buchung unsere Allgemeinen Gesch\u00e4ftsbedingungen zu lesen. Ziehen Sie auch eine Reiser\u00fccktrittsversicherung in Betracht. <br><span style=\"font-style: inherit; font-weight: inherit; color: var( --e-global-color-text ); font-family: var( --e-global-typography-text-font-family ), Sans-serif; background-color: var(--ast-global-color-5);\">Nach franz\u00f6sischem Recht ist nur der franz\u00f6sische Text unserer Allgemeinen Gesch\u00e4ftsbedingungen rechtsg\u00fcltig. Der folgende Text ist eine \u00dcbersetzung des franz\u00f6sischen Textes. <\/span><\/p><p><b>Allgemeine Bedingungen und Konditionen<\/b><\/p><p><br>Artikel 1 &#8211; Anwendung<span style=\"font-style: inherit; font-weight: inherit; color: var( --e-global-color-text ); font-family: var( --e-global-typography-text-font-family ), Sans-serif; background-color: var(--ast-global-color-5);\">Die allgemeinen Gesch\u00e4ftsbedingungen gelten f\u00fcr jeden Aufenthalt in den Chambres d&#8217;h\u00f4tes A L&#8217;Epoque, sofern nichts anderes schriftlich vereinbart und vom Eigent\u00fcmer unterzeichnet wurde.<\/span><\/p><p>Artikel 2 &#8211; Dauer des Aufenthalts<br><span style=\"font-style: inherit; font-weight: inherit; color: var( --e-global-color-text ); font-family: var( --e-global-typography-text-font-family ), Sans-serif; background-color: var(--ast-global-color-5);\">Der Aufenthalt in den Chambres d&#8217;h\u00f4tes A L&#8217;Epoque kann nur zu touristischen Zwecken und mit einer begrenzten Aufenthaltsdauer erfolgen. Die G\u00e4ste k\u00f6nnen sich unter keinen Umst\u00e4nden auf ein Recht auf Verl\u00e4ngerung des Aufenthalts berufen. <\/span><\/p><p>Artikel 3 &#8211; Vorbehalt<br><span style=\"font-style: inherit; font-weight: inherit; color: var( --e-global-color-text ); font-family: var( --e-global-typography-text-font-family ), Sans-serif; background-color: var(--ast-global-color-5);\">Die Reservierung ist erst dann g\u00fcltig, wenn der Gast die Zahlung \u00fcberwiesen hat. Die Preise der Chambres d&#8217;h\u00f4tes beinhalten Fr\u00fchst\u00fcck und Kaffee\/Tee. <\/span><\/p><p>Artikel 4 &#8211; Tarife<br><span style=\"font-style: inherit; font-weight: inherit; color: var( --e-global-color-text ); font-family: var( --e-global-typography-text-font-family ), Sans-serif; background-color: var(--ast-global-color-5);\">Die auf der Website von <\/span><u style=\"font-style: inherit; font-weight: inherit; color: var( --e-global-color-text ); font-family: var( --e-global-typography-text-font-family ), Sans-serif; background-color: var(--ast-global-color-5);\">A L&#8217;Epoque<\/u><span style=\"font-style: inherit; font-weight: inherit; color: var( --e-global-color-text ); font-family: var( --e-global-typography-text-font-family ), Sans-serif; background-color: var(--ast-global-color-5);\">aufgef\u00fchrten Tarife <\/span><span style=\"font-style: inherit; font-weight: inherit; color: var( --e-global-color-text ); font-family: var( --e-global-typography-text-font-family ), Sans-serif; background-color: var(--ast-global-color-5);\"> sind die jeweils g\u00fcltigen Tarife.<\/span><\/p><p>Artikel 5 &#8211; Gleichgewicht<br><span style=\"font-style: inherit; font-weight: inherit; color: var( --e-global-color-text ); font-family: var( --e-global-typography-text-font-family ), Sans-serif; background-color: var(--ast-global-color-5);\">Mahlzeiten, Getr\u00e4nke usw. werden am Morgen der Abreise abgerechnet. Die Zahlung kann in bar, per Pin, per Direkt\u00fcberweisung oder per franz\u00f6sischem Scheck erfolgen.  <\/span><\/p><p>Artikel 6 &#8211; Stornierung durch den Gast<br><span style=\"font-style: inherit; font-weight: inherit; color: var( --e-global-color-text ); font-family: var( --e-global-typography-text-font-family ), Sans-serif; background-color: var(--ast-global-color-5);\">Jede Stornierung muss schriftlich oder per E-Mail mitgeteilt werden. Es werden die folgenden Geb\u00fchren erhoben: <\/span><\/p><ul><li>im Falle einer Stornierung bis zu 30 Tage vor der Ankunft: die Zahlung wird dem Gast zu 100% zur\u00fcckerstattet.<\/li><li>im Falle einer Stornierung zwischen 30 und 15 Tagen vor der Ankunft: 50% der Zahlung wird dem Gast zur\u00fcckerstattet.<\/li><li>bei einer Stornierung weniger als 15 Tage vor der Ankunft: keine R\u00fcckerstattung.<\/li><\/ul><p>Wenn der Gast ohne vorherige Ank\u00fcndigung nicht bis 19 Uhr am Anreisetag ankommt, wird die Reservierung storniert. K\u00fcrzere Aufenthalte als gebucht werden nicht erstattet. <\/p><p>Artikel 7 &#8211; Stornierung durch den Eigent\u00fcmer<br><span style=\"font-style: inherit; font-weight: inherit; color: var( --e-global-color-text ); font-family: var( --e-global-typography-text-font-family ), Sans-serif; background-color: var(--ast-global-color-5);\">Sollten wir (aufgrund besonderer Umst\u00e4nde) gezwungen sein, den Aufenthalt zu stornieren, wird der Gast unverz\u00fcglich telefonisch, schriftlich oder per E-Mail informiert. Dem Gast werden die bereits gezahlten Betr\u00e4ge unverz\u00fcglich zur\u00fcckerstattet. <\/span><\/p><p>Artikel 8 &#8211; Ankunft und Abreise<br><span style=\"font-style: inherit; font-weight: inherit; color: var( --e-global-color-text ); font-family: var( --e-global-typography-text-font-family ), Sans-serif; background-color: var(--ast-global-color-5);\">Am Anreisetag empfangen wir die G\u00e4ste zwischen 16.00 und 19.00 Uhr. Bei Ank\u00fcnften nach 19.00 Uhr bitten wir unsere G\u00e4ste, sich im Voraus mit uns in Verbindung zu setzen, um eine m\u00f6gliche Table d&#8217;h\u00f4tes am Anreisetag zu erhalten. Am Tag der Abreise steht das Zimmer bis 10.30 Uhr zur Verf\u00fcgung.  <\/span><\/p><p>Artikel 9 &#8211; Wohnsitzsteuer<br><span style=\"font-style: inherit; font-weight: inherit; color: var( --e-global-color-text ); font-family: var( --e-global-typography-text-font-family ), Sans-serif; background-color: var(--ast-global-color-5);\">Die Aufenthaltssteuer (taxe de s\u00e9jour) ist eine lokale Touristensteuer, die der Gast an uns zu zahlen hat. Der Eigent\u00fcmer ist verpflichtet, die Kurtaxe an die franz\u00f6sische Regierung zu \u00fcberweisen. <\/span><\/p><p>Artikel 10 &#8211; Nutzung der Chambres d&#8217;h\u00f4tes<br><span style=\"font-style: inherit; font-weight: inherit; color: var( --e-global-color-text ); font-family: var( --e-global-typography-text-font-family ), Sans-serif; background-color: var(--ast-global-color-5);\">Von den G\u00e4sten wird erwartet, dass sie Ruhe bewahren und die Einrichtungen, Geb\u00e4ude, das G\u00e4stehaus und das eigene G\u00e4stezimmer und Mobiliar nur f\u00fcr den vorgesehenen Zweck nutzen. Der Gast wird das Zimmer in gutem Zustand verlassen. <\/span><\/p><p><br>Artikel 11 &#8211; Ruhige Umgebung<span style=\"font-style: inherit; font-weight: inherit; color: var( --e-global-color-text ); font-family: var( --e-global-typography-text-font-family ), Sans-serif; background-color: var(--ast-global-color-5);\">Wir erwarten von unseren G\u00e4sten, dass sie auf die anderen G\u00e4ste in den Chambres d&#8217;h\u00f4tes, die Nachbarn und die Umgebung R\u00fccksicht nehmen.<\/span><\/p><p>Artikel 12 &#8211; Rauchverbot<br><span style=\"font-style: inherit; font-weight: inherit; color: var( --e-global-color-text ); font-family: var( --e-global-typography-text-font-family ), Sans-serif; background-color: var(--ast-global-color-5);\">Rauchen ist weder im Haus noch in den G\u00e4stezimmern erlaubt. Nach Absprache mit dem Eigent\u00fcmer ist das Rauchen auf der Terrasse erlaubt, sofern es die anderen G\u00e4ste nicht st\u00f6rt. <\/span><\/p><p>Artikel 13 &#8211; Getr\u00e4nke und Speisen<br><span style=\"font-style: inherit; font-weight: inherit; color: var( --e-global-color-text ); font-family: var( --e-global-typography-text-font-family ), Sans-serif; background-color: var(--ast-global-color-5);\">Wir befolgen die franz\u00f6sischen Alkoholgesetze f\u00fcr Chambres d&#8217;h\u00f4tes mit Restaurantlizenz. An Minderj\u00e4hrige unter 18 Jahren wird kein Alkohol abgegeben. Au\u00dferdem ist es nicht gestattet, eigene (alkoholische) Getr\u00e4nke und Speisen im Speisesaal, in den G\u00e4stezimmern und auf unserem Au\u00dfengel\u00e4nde zu konsumieren. Im Speisesaal haben Sie gegen eine Geb\u00fchr Zugang zu einem K\u00fchlschrank mit verschiedenen Getr\u00e4nken.   <\/span><\/p><p>Artikel 14 &#8211; Registrierung<br><span style=\"background-color: var(--ast-global-color-5); color: var( --e-global-color-text ); font-family: var( --e-global-typography-text-font-family ), Sans-serif; font-style: inherit; font-weight: inherit;\">Wir sind nach franz\u00f6sischem Recht verpflichtet, alle Personen mit einer anderen als der franz\u00f6sischen Staatsangeh\u00f6rigkeit zu registrieren. Die G\u00e4ste werden gebeten, ein Formular mit einigen pers\u00f6nlichen Daten und einer Unterschrift auszuf\u00fcllen. Wir geben keine Daten an Dritte weiter.  <\/span><\/p>\t\t\t\t\t\t\t\t<\/div>\n\t\t\t\t<\/div>\n\t\t\t\t\t<\/div>\n\t\t<\/div>\n\t\t\t\t\t<\/div>\n\t\t<\/section>\n\t\t\t\t<\/div>\n\t\t","protected":false},"excerpt":{"rendered":"<p>Um Missverst\u00e4ndnisse zu vermeiden, raten wir Ihnen, vor der Buchung unsere Allgemeinen Gesch\u00e4ftsbedingungen zu lesen. Ziehen Sie auch eine Reiser\u00fccktrittsversicherung in Betracht. Nach franz\u00f6sischem Recht ist nur der franz\u00f6sische Text unserer Allgemeinen Gesch\u00e4ftsbedingungen rechtsg\u00fcltig. Der folgende Text ist eine \u00dcbersetzung des franz\u00f6sischen Textes. Allgemeine Bedingungen und Konditionen Artikel 1 &#8211; AnwendungDie allgemeinen Gesch\u00e4ftsbedingungen gelten f\u00fcr [&hellip;]<\/p>\n","protected":false},"author":1,"featured_media":0,"parent":0,"menu_order":0,"comment_status":"closed","ping_status":"closed","template":"","meta":{"site-sidebar-layout":"no-sidebar","site-content-layout":"page-builder","ast-site-content-layout":"full-width-container","site-content-style":"default","site-sidebar-style":"default","ast-global-header-display":"","ast-banner-title-visibility":"","ast-main-header-display":"","ast-hfb-above-header-display":"","ast-hfb-below-header-display":"","ast-hfb-mobile-header-display":"","site-post-title":"disabled","ast-breadcrumbs-content":"","ast-featured-img":"disabled","footer-sml-layout":"","ast-disable-related-posts":"","theme-transparent-header-meta":"","adv-header-id-meta":"","stick-header-meta":"","header-above-stick-meta":"","header-main-stick-meta":"","header-below-stick-meta":"","astra-migrate-meta-layouts":"default","ast-page-background-enabled":"default","ast-page-background-meta":{"desktop":{"background-color":"var(--ast-global-color-4)","background-image":"","background-repeat":"repeat","background-position":"center center","background-size":"auto","background-attachment":"scroll","background-type":"","background-media":"","overlay-type":"","overlay-color":"","overlay-opacity":"","overlay-gradient":""},"tablet":{"background-color":"","background-image":"","background-repeat":"repeat","background-position":"center center","background-size":"auto","background-attachment":"scroll","background-type":"","background-media":"","overlay-type":"","overlay-color":"","overlay-opacity":"","overlay-gradient":""},"mobile":{"background-color":"","background-image":"","background-repeat":"repeat","background-position":"center center","background-size":"auto","background-attachment":"scroll","background-type":"","background-media":"","overlay-type":"","overlay-color":"","overlay-opacity":"","overlay-gradient":""}},"ast-content-background-meta":{"desktop":{"background-color":"var(--ast-global-color-5)","background-image":"","background-repeat":"repeat","background-position":"center center","background-size":"auto","background-attachment":"scroll","background-type":"","background-media":"","overlay-type":"","overlay-color":"","overlay-opacity":"","overlay-gradient":""},"tablet":{"background-color":"var(--ast-global-color-5)","background-image":"","background-repeat":"repeat","background-position":"center center","background-size":"auto","background-attachment":"scroll","background-type":"","background-media":"","overlay-type":"","overlay-color":"","overlay-opacity":"","overlay-gradient":""},"mobile":{"background-color":"var(--ast-global-color-5)","background-image":"","background-repeat":"repeat","background-position":"center center","background-size":"auto","background-attachment":"scroll","background-type":"","background-media":"","overlay-type":"","overlay-color":"","overlay-opacity":"","overlay-gradient":""}},"footnotes":""},"class_list":["post-545","page","type-page","status-publish","hentry"],"yoast_head":"<!-- This site is optimized with the Yoast SEO plugin v27.4 - https:\/\/yoast.com\/product\/yoast-seo-wordpress\/ -->\n<title>Allgemeine Gesch\u00e4ftsbedingungen | Chambres d&#039;h\u00f4tes a l&#039;Epoque<\/title>\n<meta name=\"description\" content=\"Lesen Sie die allgemeinen Gesch\u00e4ftsbedingungen von chambres d&#039;h\u00f4tes a l&#039;Epoque in Bouges-le-Ch\u00e2teau. Buchungsregeln, Stornierungsbedingungen und Hausordnung.\" \/>\n<meta name=\"robots\" content=\"index, follow, max-snippet:-1, max-image-preview:large, max-video-preview:-1\" \/>\n<link rel=\"canonical\" href=\"https:\/\/a-lepoque.com\/de\/allgemeine-bedingungen-und-konditionen\/\" \/>\n<meta property=\"og:locale\" content=\"de_DE\" \/>\n<meta property=\"og:type\" content=\"article\" \/>\n<meta property=\"og:title\" content=\"Allgemeine Gesch\u00e4ftsbedingungen | Chambres d&#039;h\u00f4tes a l&#039;Epoque\" \/>\n<meta property=\"og:description\" content=\"Lesen Sie die allgemeinen Gesch\u00e4ftsbedingungen von chambres d&#039;h\u00f4tes a l&#039;Epoque in Bouges-le-Ch\u00e2teau. Buchungsregeln, Stornierungsbedingungen und Hausordnung.\" \/>\n<meta property=\"og:url\" content=\"https:\/\/a-lepoque.com\/de\/allgemeine-bedingungen-und-konditionen\/\" \/>\n<meta property=\"og:site_name\" content=\"A l&#039;Epoque\" \/>\n<meta property=\"article:modified_time\" content=\"2026-03-13T15:56:24+00:00\" \/>\n<meta name=\"twitter:card\" content=\"summary_large_image\" \/>\n<meta name=\"twitter:label1\" content=\"Gesch\u00e4tzte Lesezeit\" \/>\n\t<meta name=\"twitter:data1\" content=\"4\u00a0Minuten\" \/>\n<!-- \/ Yoast SEO plugin. -->","yoast_head_json":{"title":"Allgemeine Gesch\u00e4ftsbedingungen | Chambres d'h\u00f4tes a l'Epoque","description":"Lesen Sie die allgemeinen Gesch\u00e4ftsbedingungen von chambres d'h\u00f4tes a l'Epoque in Bouges-le-Ch\u00e2teau. Buchungsregeln, Stornierungsbedingungen und Hausordnung.","robots":{"index":"index","follow":"follow","max-snippet":"max-snippet:-1","max-image-preview":"max-image-preview:large","max-video-preview":"max-video-preview:-1"},"canonical":"https:\/\/a-lepoque.com\/de\/allgemeine-bedingungen-und-konditionen\/","og_locale":"de_DE","og_type":"article","og_title":"Allgemeine Gesch\u00e4ftsbedingungen | Chambres d'h\u00f4tes a l'Epoque","og_description":"Lesen Sie die allgemeinen Gesch\u00e4ftsbedingungen von chambres d'h\u00f4tes a l'Epoque in Bouges-le-Ch\u00e2teau. Buchungsregeln, Stornierungsbedingungen und Hausordnung.","og_url":"https:\/\/a-lepoque.com\/de\/allgemeine-bedingungen-und-konditionen\/","og_site_name":"A l&#039;Epoque","article_modified_time":"2026-03-13T15:56:24+00:00","twitter_card":"summary_large_image","twitter_misc":{"Gesch\u00e4tzte Lesezeit":"4\u00a0Minuten"},"schema":{"@context":"https:\/\/schema.org","@graph":[{"@type":"WebPage","@id":"https:\/\/a-lepoque.com\/de\/allgemeine-bedingungen-und-konditionen\/","url":"https:\/\/a-lepoque.com\/de\/allgemeine-bedingungen-und-konditionen\/","name":"Allgemeine Gesch\u00e4ftsbedingungen | Chambres d'h\u00f4tes A l'Epoque","isPartOf":{"@id":"https:\/\/a-lepoque.com\/de\/#website"},"datePublished":"2024-09-09T11:45:17+00:00","dateModified":"2026-03-13T15:56:24+00:00","description":"Lesen Sie die allgemeinen Gesch\u00e4ftsbedingungen von chambres d'h\u00f4tes A l'Epoque in Bouges-le-Ch\u00e2teau. Buchungsregeln, Stornierungsbedingungen und Hausordnung.","breadcrumb":{"@id":"https:\/\/a-lepoque.com\/de\/allgemeine-bedingungen-und-konditionen\/#breadcrumb"},"inLanguage":"de","potentialAction":[{"@type":"ReadAction","target":["https:\/\/a-lepoque.com\/de\/allgemeine-bedingungen-und-konditionen\/"]}]},{"@type":"BreadcrumbList","@id":"https:\/\/a-lepoque.com\/de\/allgemeine-bedingungen-und-konditionen\/#breadcrumb","itemListElement":[{"@type":"ListItem","position":1,"name":"Home","item":"https:\/\/a-lepoque.com\/de\/startseite\/"},{"@type":"ListItem","position":2,"name":"Allgemeine Bedingungen und Konditionen"}]},{"@type":"WebSite","@id":"https:\/\/a-lepoque.com\/de\/#website","url":"https:\/\/a-lepoque.com\/de\/","name":"A-Lepoque","description":"","publisher":{"@id":"https:\/\/a-lepoque.com\/de\/#organization"},"potentialAction":[{"@type":"SearchAction","target":{"@type":"EntryPoint","urlTemplate":"https:\/\/a-lepoque.com\/de\/?s={search_term_string}"},"query-input":{"@type":"PropertyValueSpecification","valueRequired":true,"valueName":"search_term_string"}}],"inLanguage":"de"},{"@type":"Organization","@id":"https:\/\/a-lepoque.com\/de\/#organization","name":"A-Lepoque","url":"https:\/\/a-lepoque.com\/de\/","logo":{"@type":"ImageObject","inLanguage":"de","@id":"https:\/\/a-lepoque.com\/de\/#\/schema\/logo\/image\/","url":"https:\/\/a-lepoque.com\/wp-content\/uploads\/2024\/09\/A-LEpoque_Logo-design_RGB.png","contentUrl":"https:\/\/a-lepoque.com\/wp-content\/uploads\/2024\/09\/A-LEpoque_Logo-design_RGB.png","width":1636,"height":1832,"caption":"A-Lepoque"},"image":{"@id":"https:\/\/a-lepoque.com\/de\/#\/schema\/logo\/image\/"}}]}},"_links":{"self":[{"href":"https:\/\/a-lepoque.com\/de\/wp-json\/wp\/v2\/pages\/545","targetHints":{"allow":["GET"]}}],"collection":[{"href":"https:\/\/a-lepoque.com\/de\/wp-json\/wp\/v2\/pages"}],"about":[{"href":"https:\/\/a-lepoque.com\/de\/wp-json\/wp\/v2\/types\/page"}],"author":[{"embeddable":true,"href":"https:\/\/a-lepoque.com\/de\/wp-json\/wp\/v2\/users\/1"}],"replies":[{"embeddable":true,"href":"https:\/\/a-lepoque.com\/de\/wp-json\/wp\/v2\/comments?post=545"}],"version-history":[{"count":9,"href":"https:\/\/a-lepoque.com\/de\/wp-json\/wp\/v2\/pages\/545\/revisions"}],"predecessor-version":[{"id":2342,"href":"https:\/\/a-lepoque.com\/de\/wp-json\/wp\/v2\/pages\/545\/revisions\/2342"}],"wp:attachment":[{"href":"https:\/\/a-lepoque.com\/de\/wp-json\/wp\/v2\/media?parent=545"}],"curies":[{"name":"wp","href":"https:\/\/api.w.org\/{rel}","templated":true}]}}