{"id":685,"date":"2024-09-09T11:45:17","date_gmt":"2024-09-09T11:45:17","guid":{"rendered":"https:\/\/a-lepoque.com\/general-conditions\/"},"modified":"2026-03-13T15:56:24","modified_gmt":"2026-03-13T15:56:24","slug":"general-conditions","status":"publish","type":"page","link":"https:\/\/a-lepoque.com\/en\/general-conditions\/","title":{"rendered":"General conditions"},"content":{"rendered":"\t\t<div data-elementor-type=\"wp-page\" data-elementor-id=\"685\" class=\"elementor elementor-685 elementor-200\" data-elementor-post-type=\"page\">\n\t\t\t\t\t\t<section class=\"elementor-section elementor-top-section elementor-element elementor-element-25cb8ff elementor-section-boxed elementor-section-height-default elementor-section-height-default\" data-id=\"25cb8ff\" data-element_type=\"section\" data-e-type=\"section\">\n\t\t\t\t\t\t<div class=\"elementor-container elementor-column-gap-default\">\n\t\t\t\t\t<div class=\"elementor-column elementor-col-100 elementor-top-column elementor-element elementor-element-a74dc20\" data-id=\"a74dc20\" data-element_type=\"column\" data-e-type=\"column\">\n\t\t\t<div class=\"elementor-widget-wrap elementor-element-populated\">\n\t\t\t\t\t\t<div class=\"elementor-element elementor-element-9256341 elementor-widget elementor-widget-text-editor\" data-id=\"9256341\" data-element_type=\"widget\" data-e-type=\"widget\" data-widget_type=\"text-editor.default\">\n\t\t\t\t<div class=\"elementor-widget-container\">\n\t\t\t\t\t\t\t\t\t<p>To avoid misunderstandings, we advise you to read our terms and conditions before booking. Also consider cancellation insurance. <br><span style=\"font-style: inherit; font-weight: inherit; color: var( --e-global-color-text ); font-family: var( --e-global-typography-text-font-family ), Sans-serif; background-color: var(--ast-global-color-5);\">French law provides that only the French text of our terms and conditions is legally valid. The following is a translation of the French text. <\/span><\/p><p><b>General conditions<\/b><\/p><p>Article 1 &#8211; Application<br><span style=\"font-style: inherit; font-weight: inherit; color: var( --e-global-color-text ); font-family: var( --e-global-typography-text-font-family ), Sans-serif; background-color: var(--ast-global-color-5);\">The general conditions apply to any stay in chambres d&#8217;h\u00f4tes A L&#8217;Epoque, unless otherwise agreed in writing and signed by the owner.<\/span><\/p><p>Article 2 &#8211; Length of stay<br><span style=\"font-style: inherit; font-weight: inherit; color: var( --e-global-color-text ); font-family: var( --e-global-typography-text-font-family ), Sans-serif; background-color: var(--ast-global-color-5);\">The stay in chambres d&#8217;h\u00f4tes A L&#8217;Epoque can only be for tourist reasons, with a limited duration of stay. Guests can under no circumstances invoke any right to perpetuate the stay. <\/span><\/p><p>Article 3 &#8211; Reservation<br><span style=\"font-style: inherit; font-weight: inherit; color: var( --e-global-color-text ); font-family: var( --e-global-typography-text-font-family ), Sans-serif; background-color: var(--ast-global-color-5);\">The reservation is not valid until the guest has remitted payment. Chambres d&#8217;h\u00f4tes prices include breakfast and coffee\/tea. <\/span><\/p><p>Article 4 &#8211; Rates<br><span style=\"font-style: inherit; font-weight: inherit; color: var( --e-global-color-text ); font-family: var( --e-global-typography-text-font-family ), Sans-serif; background-color: var(--ast-global-color-5);\">The rates as listed on the <\/span><u style=\"font-style: inherit; font-weight: inherit; color: var( --e-global-color-text ); font-family: var( --e-global-typography-text-font-family ), Sans-serif; background-color: var(--ast-global-color-5);\">A L&#8217;Epoque<\/u><span style=\"font-style: inherit; font-weight: inherit; color: var( --e-global-color-text ); font-family: var( --e-global-typography-text-font-family ), Sans-serif; background-color: var(--ast-global-color-5);\">website <\/span><span style=\"font-style: inherit; font-weight: inherit; color: var( --e-global-color-text ); font-family: var( --e-global-typography-text-font-family ), Sans-serif; background-color: var(--ast-global-color-5);\"> are the prevailing rates.<\/span><\/p><p>Article 5 &#8211; Balance<br><span style=\"font-style: inherit; font-weight: inherit; color: var( --e-global-color-text ); font-family: var( --e-global-typography-text-font-family ), Sans-serif; background-color: var(--ast-global-color-5);\">Meals, drinks, etc. will be settled on the morning of departure. Payment may be made by cash, pin, direct bank transfer or French check.  <\/span><\/p><p>Article 6 &#8211; Cancellation by the guest<br><span style=\"font-style: inherit; font-weight: inherit; color: var( --e-global-color-text ); font-family: var( --e-global-typography-text-font-family ), Sans-serif; background-color: var(--ast-global-color-5);\">Any cancellation must be notified in writing or by mail. The following fees will be charged: <\/span><\/p><ul><li>for cancellation up to 30 days before arrival: the payment will be refunded 100% to the guest.<\/li><li>for cancellation between 30 and 15 days before arrival: 50% of the payment will be refunded to the guest.<\/li><li>for cancellation less than 15 days before arrival: there will be no refund.<\/li><\/ul><p>If the guest does not arrive by 7 p.m. on the day of arrival, without prior notice, the reservation will be cancelled. In case of shorter stay than booked, there will be no refund. <\/p><p>Article 7 &#8211; Cancellation by the owner<br><span style=\"font-style: inherit; font-weight: inherit; color: var( --e-global-color-text ); font-family: var( --e-global-typography-text-font-family ), Sans-serif; background-color: var(--ast-global-color-5);\">In case we are obliged (due to special circumstances) to cancel the stay, the guest will be informed immediately by phone, in writing or by email. The guest will receive a refund of previously deposited amounts immediately. <\/span><\/p><p>Article 8 &#8211; Arrival and departure<br><span style=\"font-style: inherit; font-weight: inherit; color: var( --e-global-color-text ); font-family: var( --e-global-typography-text-font-family ), Sans-serif; background-color: var(--ast-global-color-5);\">On the day of arrival we welcome guests between 16.00 and 19.00 hours. In case of a later arrival than 19.00 hours we ask guests to consult with us in advance in connection with the possible table d&#8217;h\u00f4tes on the day of arrival. On the day of departure guests can dispose of the room until 10.30 am.  <\/span><\/p><p>Article 9 &#8211; Residence tax<br><span style=\"font-style: inherit; font-weight: inherit; color: var( --e-global-color-text ); font-family: var( --e-global-typography-text-font-family ), Sans-serif; background-color: var(--ast-global-color-5);\">The residence tax (taxe de s\u00e9jour) is a local tourist tax, which must be paid to us by the guest. The owner is obliged to remit the tourist tax to the French government. <\/span><\/p><p>Article 10 &#8211; Use of the chambres d&#8217;h\u00f4tes<br><span style=\"font-style: inherit; font-weight: inherit; color: var( --e-global-color-text ); font-family: var( --e-global-typography-text-font-family ), Sans-serif; background-color: var(--ast-global-color-5);\">Guests are expected to keep the peace and use facilities, buildings, guesthouse and own guestroom and furniture only for their intended purpose. The guest will leave the room in good condition. <\/span><\/p><p>Article 11 &#8211; Peaceful environment<br><span style=\"font-style: inherit; font-weight: inherit; color: var( --e-global-color-text ); font-family: var( --e-global-typography-text-font-family ), Sans-serif; background-color: var(--ast-global-color-5);\">We expect guests to be considerate of other guests in the chambres d&#8217;h\u00f4tes, neighbors and the environment.<\/span><\/p><p>Article 12 &#8211; Smoking ban<br><span style=\"font-style: inherit; font-weight: inherit; color: var( --e-global-color-text ); font-family: var( --e-global-typography-text-font-family ), Sans-serif; background-color: var(--ast-global-color-5);\">There is no smoking in the house or in the guest rooms. By agreement with the owner, smoking is allowed on the terrace, provided it does not disturb the other guests. <\/span><\/p><p>Article 13 &#8211; Beverages and food<br><span style=\"font-style: inherit; font-weight: inherit; color: var( --e-global-color-text ); font-family: var( --e-global-typography-text-font-family ), Sans-serif; background-color: var(--ast-global-color-5);\">We follow French alcohol laws for chambres d&#8217;h\u00f4tes with restaurant license. No alcohol is provided to minors under 18 years of age. Furthermore, it is not allowed to consume your own (alcoholic) beverages and food in the dining room, in the guest rooms and on our outside grounds. In the dining room, guests have access to a refrigerator with various drinks for a fee.   <\/span><\/p><p>Article 14 &#8211; Registration<br><span style=\"background-color: var(--ast-global-color-5); color: var( --e-global-color-text ); font-family: var( --e-global-typography-text-font-family ), Sans-serif; font-style: inherit; font-weight: inherit;\">We are required by French law to register all persons of nationality other than French. Guests are requested to fill in a form with some personal data and a signature. We do not provide data to third parties.  <\/span><\/p>\t\t\t\t\t\t\t\t<\/div>\n\t\t\t\t<\/div>\n\t\t\t\t\t<\/div>\n\t\t<\/div>\n\t\t\t\t\t<\/div>\n\t\t<\/section>\n\t\t\t\t<\/div>\n\t\t","protected":false},"excerpt":{"rendered":"<p>To avoid misunderstandings, we advise you to read our terms and conditions before booking. Also consider cancellation insurance. French law provides that only the French text of our terms and conditions is legally valid. The following is a translation of the French text. General conditions Article 1 &#8211; ApplicationThe general conditions apply to any stay [&hellip;]<\/p>\n","protected":false},"author":1,"featured_media":0,"parent":0,"menu_order":0,"comment_status":"closed","ping_status":"closed","template":"","meta":{"site-sidebar-layout":"no-sidebar","site-content-layout":"page-builder","ast-site-content-layout":"full-width-container","site-content-style":"default","site-sidebar-style":"default","ast-global-header-display":"","ast-banner-title-visibility":"","ast-main-header-display":"","ast-hfb-above-header-display":"","ast-hfb-below-header-display":"","ast-hfb-mobile-header-display":"","site-post-title":"disabled","ast-breadcrumbs-content":"","ast-featured-img":"disabled","footer-sml-layout":"","ast-disable-related-posts":"","theme-transparent-header-meta":"","adv-header-id-meta":"","stick-header-meta":"","header-above-stick-meta":"","header-main-stick-meta":"","header-below-stick-meta":"","astra-migrate-meta-layouts":"default","ast-page-background-enabled":"default","ast-page-background-meta":{"desktop":{"background-color":"var(--ast-global-color-4)","background-image":"","background-repeat":"repeat","background-position":"center center","background-size":"auto","background-attachment":"scroll","background-type":"","background-media":"","overlay-type":"","overlay-color":"","overlay-opacity":"","overlay-gradient":""},"tablet":{"background-color":"","background-image":"","background-repeat":"repeat","background-position":"center center","background-size":"auto","background-attachment":"scroll","background-type":"","background-media":"","overlay-type":"","overlay-color":"","overlay-opacity":"","overlay-gradient":""},"mobile":{"background-color":"","background-image":"","background-repeat":"repeat","background-position":"center center","background-size":"auto","background-attachment":"scroll","background-type":"","background-media":"","overlay-type":"","overlay-color":"","overlay-opacity":"","overlay-gradient":""}},"ast-content-background-meta":{"desktop":{"background-color":"var(--ast-global-color-5)","background-image":"","background-repeat":"repeat","background-position":"center center","background-size":"auto","background-attachment":"scroll","background-type":"","background-media":"","overlay-type":"","overlay-color":"","overlay-opacity":"","overlay-gradient":""},"tablet":{"background-color":"var(--ast-global-color-5)","background-image":"","background-repeat":"repeat","background-position":"center center","background-size":"auto","background-attachment":"scroll","background-type":"","background-media":"","overlay-type":"","overlay-color":"","overlay-opacity":"","overlay-gradient":""},"mobile":{"background-color":"var(--ast-global-color-5)","background-image":"","background-repeat":"repeat","background-position":"center center","background-size":"auto","background-attachment":"scroll","background-type":"","background-media":"","overlay-type":"","overlay-color":"","overlay-opacity":"","overlay-gradient":""}},"footnotes":""},"class_list":["post-685","page","type-page","status-publish","hentry"],"yoast_head":"<!-- This site is optimized with the Yoast SEO plugin v27.4 - https:\/\/yoast.com\/product\/yoast-seo-wordpress\/ -->\n<title>General conditions | Chambres d&#039;h\u00f4tes a l&#039;Epoque<\/title>\n<meta name=\"description\" content=\"Read the terms and conditions of chambres d&#039;h\u00f4tes a l&#039;Epoque in Bouges-le-Ch\u00e2teau. Booking rules, cancellation policy and house rules.\" \/>\n<meta name=\"robots\" content=\"index, follow, max-snippet:-1, max-image-preview:large, max-video-preview:-1\" \/>\n<link rel=\"canonical\" href=\"https:\/\/a-lepoque.com\/en\/general-conditions\/\" \/>\n<meta property=\"og:locale\" content=\"en_US\" \/>\n<meta property=\"og:type\" content=\"article\" \/>\n<meta property=\"og:title\" content=\"General conditions | Chambres d&#039;h\u00f4tes a l&#039;Epoque\" \/>\n<meta property=\"og:description\" content=\"Read the terms and conditions of chambres d&#039;h\u00f4tes a l&#039;Epoque in Bouges-le-Ch\u00e2teau. Booking rules, cancellation policy and house rules.\" \/>\n<meta property=\"og:url\" content=\"https:\/\/a-lepoque.com\/en\/general-conditions\/\" \/>\n<meta property=\"og:site_name\" content=\"A l&#039;Epoque\" \/>\n<meta property=\"article:modified_time\" content=\"2026-03-13T15:56:24+00:00\" \/>\n<meta name=\"twitter:card\" content=\"summary_large_image\" \/>\n<meta name=\"twitter:label1\" content=\"Est. reading time\" \/>\n\t<meta name=\"twitter:data1\" content=\"3 minutes\" \/>\n<!-- \/ Yoast SEO plugin. -->","yoast_head_json":{"title":"General conditions | Chambres d'h\u00f4tes a l'Epoque","description":"Read the terms and conditions of chambres d'h\u00f4tes a l'Epoque in Bouges-le-Ch\u00e2teau. Booking rules, cancellation policy and house rules.","robots":{"index":"index","follow":"follow","max-snippet":"max-snippet:-1","max-image-preview":"max-image-preview:large","max-video-preview":"max-video-preview:-1"},"canonical":"https:\/\/a-lepoque.com\/en\/general-conditions\/","og_locale":"en_US","og_type":"article","og_title":"General conditions | Chambres d'h\u00f4tes a l'Epoque","og_description":"Read the terms and conditions of chambres d'h\u00f4tes a l'Epoque in Bouges-le-Ch\u00e2teau. Booking rules, cancellation policy and house rules.","og_url":"https:\/\/a-lepoque.com\/en\/general-conditions\/","og_site_name":"A l&#039;Epoque","article_modified_time":"2026-03-13T15:56:24+00:00","twitter_card":"summary_large_image","twitter_misc":{"Est. reading time":"3 minutes"},"schema":{"@context":"https:\/\/schema.org","@graph":[{"@type":"WebPage","@id":"https:\/\/a-lepoque.com\/en\/general-conditions\/","url":"https:\/\/a-lepoque.com\/en\/general-conditions\/","name":"General conditions | Chambres d'h\u00f4tes A l'Epoque","isPartOf":{"@id":"https:\/\/a-lepoque.com\/en\/#website"},"datePublished":"2024-09-09T11:45:17+00:00","dateModified":"2026-03-13T15:56:24+00:00","description":"Read the terms and conditions of chambres d'h\u00f4tes A l'Epoque in Bouges-le-Ch\u00e2teau. Booking rules, cancellation policy and house rules.","breadcrumb":{"@id":"https:\/\/a-lepoque.com\/en\/general-conditions\/#breadcrumb"},"inLanguage":"en-US","potentialAction":[{"@type":"ReadAction","target":["https:\/\/a-lepoque.com\/en\/general-conditions\/"]}]},{"@type":"BreadcrumbList","@id":"https:\/\/a-lepoque.com\/en\/general-conditions\/#breadcrumb","itemListElement":[{"@type":"ListItem","position":1,"name":"Home","item":"https:\/\/a-lepoque.com\/en\/home\/"},{"@type":"ListItem","position":2,"name":"General conditions"}]},{"@type":"WebSite","@id":"https:\/\/a-lepoque.com\/en\/#website","url":"https:\/\/a-lepoque.com\/en\/","name":"A-Lepoque","description":"","publisher":{"@id":"https:\/\/a-lepoque.com\/en\/#organization"},"potentialAction":[{"@type":"SearchAction","target":{"@type":"EntryPoint","urlTemplate":"https:\/\/a-lepoque.com\/en\/?s={search_term_string}"},"query-input":{"@type":"PropertyValueSpecification","valueRequired":true,"valueName":"search_term_string"}}],"inLanguage":"en-US"},{"@type":"Organization","@id":"https:\/\/a-lepoque.com\/en\/#organization","name":"A-Lepoque","url":"https:\/\/a-lepoque.com\/en\/","logo":{"@type":"ImageObject","inLanguage":"en-US","@id":"https:\/\/a-lepoque.com\/en\/#\/schema\/logo\/image\/","url":"https:\/\/a-lepoque.com\/wp-content\/uploads\/2024\/09\/A-LEpoque_Logo-design_RGB.png","contentUrl":"https:\/\/a-lepoque.com\/wp-content\/uploads\/2024\/09\/A-LEpoque_Logo-design_RGB.png","width":1636,"height":1832,"caption":"A-Lepoque"},"image":{"@id":"https:\/\/a-lepoque.com\/en\/#\/schema\/logo\/image\/"}}]}},"_links":{"self":[{"href":"https:\/\/a-lepoque.com\/en\/wp-json\/wp\/v2\/pages\/685","targetHints":{"allow":["GET"]}}],"collection":[{"href":"https:\/\/a-lepoque.com\/en\/wp-json\/wp\/v2\/pages"}],"about":[{"href":"https:\/\/a-lepoque.com\/en\/wp-json\/wp\/v2\/types\/page"}],"author":[{"embeddable":true,"href":"https:\/\/a-lepoque.com\/en\/wp-json\/wp\/v2\/users\/1"}],"replies":[{"embeddable":true,"href":"https:\/\/a-lepoque.com\/en\/wp-json\/wp\/v2\/comments?post=685"}],"version-history":[{"count":5,"href":"https:\/\/a-lepoque.com\/en\/wp-json\/wp\/v2\/pages\/685\/revisions"}],"predecessor-version":[{"id":2344,"href":"https:\/\/a-lepoque.com\/en\/wp-json\/wp\/v2\/pages\/685\/revisions\/2344"}],"wp:attachment":[{"href":"https:\/\/a-lepoque.com\/en\/wp-json\/wp\/v2\/media?parent=685"}],"curies":[{"name":"wp","href":"https:\/\/api.w.org\/{rel}","templated":true}]}}