{"id":2055,"date":"2026-03-01T14:48:26","date_gmt":"2026-03-01T14:48:26","guid":{"rendered":"https:\/\/a-lepoque.com\/arrangements\/"},"modified":"2026-03-01T15:02:43","modified_gmt":"2026-03-01T15:02:43","slug":"arrangements","status":"publish","type":"page","link":"https:\/\/a-lepoque.com\/fr\/arrangements\/","title":{"rendered":"Arrangements"},"content":{"rendered":"\t\t<div data-elementor-type=\"wp-page\" data-elementor-id=\"2055\" class=\"elementor elementor-2055\" data-elementor-post-type=\"page\">\n\t\t\t\t\t\t<section class=\"elementor-section elementor-top-section elementor-element elementor-element-5194c9bd elementor-section-boxed elementor-section-height-default elementor-section-height-default\" data-id=\"5194c9bd\" data-element_type=\"section\" data-e-type=\"section\">\n\t\t\t\t\t\t<div class=\"elementor-container elementor-column-gap-default\">\n\t\t\t\t\t<div class=\"elementor-column elementor-col-100 elementor-top-column elementor-element elementor-element-74b78054\" data-id=\"74b78054\" data-element_type=\"column\" data-e-type=\"column\">\n\t\t\t<div class=\"elementor-widget-wrap elementor-element-populated\">\n\t\t\t\t\t\t<div class=\"elementor-element elementor-element-3a42ad13 elementor-widget elementor-widget-text-editor\" data-id=\"3a42ad13\" data-element_type=\"widget\" data-e-type=\"widget\" data-widget_type=\"text-editor.default\">\n\t\t\t\t<div class=\"elementor-widget-container\">\n\t\t\t\t\t\t\t\t\t<p>Chez nous, il s&#8217;agit de se faire plaisir \u00e0 son rythme. Que vous veniez pour le repos, le romantisme ou la d\u00e9couverte culinaire, nous avons soigneusement \u00e9labor\u00e9 des formules qui donneront \u00e0 votre s\u00e9jour un petit plus. <\/p><p>Laissez-vous surprendre par des d\u00eeners savoureux, des moments de d\u00e9tente et des exp\u00e9riences sp\u00e9ciales dans les environs. Tout est pris en charge dans les moindres d\u00e9tails, il ne vous reste plus qu&#8217;\u00e0 vous d\u00e9tendre. Dans l&#8217;Indre, vous ne trouverez pas de tourisme de masse, mais de l&#8217;espace et du silence. D\u00e9couvrez les villages pittoresques, les ch\u00e2teaux et les march\u00e9s de la r\u00e9gion. Vous pouvez \u00e9galement vous d\u00e9tendre dans notre jardin avec un bon livre et un verre.    <\/p>\t\t\t\t\t\t\t\t<\/div>\n\t\t\t\t<\/div>\n\t\t\t\t\t<\/div>\n\t\t<\/div>\n\t\t\t\t\t<\/div>\n\t\t<\/section>\n\t\t\t\t<section class=\"elementor-section elementor-top-section elementor-element elementor-element-626cf7d elementor-section-boxed elementor-section-height-default elementor-section-height-default\" data-id=\"626cf7d\" data-element_type=\"section\" data-e-type=\"section\">\n\t\t\t\t\t\t<div class=\"elementor-container elementor-column-gap-default\">\n\t\t\t\t\t<div class=\"elementor-column elementor-col-100 elementor-top-column elementor-element elementor-element-510a4c0\" data-id=\"510a4c0\" data-element_type=\"column\" data-e-type=\"column\">\n\t\t\t<div class=\"elementor-widget-wrap elementor-element-populated\">\n\t\t\t\t\t\t\t<\/div>\n\t\t<\/div>\n\t\t\t\t\t<\/div>\n\t\t<\/section>\n\t\t\t\t<\/div>\n\t\t","protected":false},"excerpt":{"rendered":"<p>Chez nous, il s&#8217;agit de se faire plaisir \u00e0 son rythme. Que vous veniez pour le repos, le romantisme ou la d\u00e9couverte culinaire, nous avons soigneusement \u00e9labor\u00e9 des formules qui donneront \u00e0 votre s\u00e9jour un petit plus. Laissez-vous surprendre par des d\u00eeners savoureux, des moments de d\u00e9tente et des exp\u00e9riences sp\u00e9ciales dans les environs. Tout [&hellip;]<\/p>\n","protected":false},"author":2,"featured_media":2084,"parent":0,"menu_order":0,"comment_status":"closed","ping_status":"closed","template":"","meta":{"site-sidebar-layout":"default","site-content-layout":"","ast-site-content-layout":"default","site-content-style":"default","site-sidebar-style":"default","ast-global-header-display":"","ast-banner-title-visibility":"","ast-main-header-display":"","ast-hfb-above-header-display":"","ast-hfb-below-header-display":"","ast-hfb-mobile-header-display":"","site-post-title":"","ast-breadcrumbs-content":"","ast-featured-img":"","footer-sml-layout":"","ast-disable-related-posts":"","theme-transparent-header-meta":"","adv-header-id-meta":"","stick-header-meta":"","header-above-stick-meta":"","header-main-stick-meta":"","header-below-stick-meta":"","astra-migrate-meta-layouts":"default","ast-page-background-enabled":"default","ast-page-background-meta":{"desktop":{"background-color":"var(--ast-global-color-4)","background-image":"","background-repeat":"repeat","background-position":"center center","background-size":"auto","background-attachment":"scroll","background-type":"","background-media":"","overlay-type":"","overlay-color":"","overlay-opacity":"","overlay-gradient":""},"tablet":{"background-color":"","background-image":"","background-repeat":"repeat","background-position":"center center","background-size":"auto","background-attachment":"scroll","background-type":"","background-media":"","overlay-type":"","overlay-color":"","overlay-opacity":"","overlay-gradient":""},"mobile":{"background-color":"","background-image":"","background-repeat":"repeat","background-position":"center center","background-size":"auto","background-attachment":"scroll","background-type":"","background-media":"","overlay-type":"","overlay-color":"","overlay-opacity":"","overlay-gradient":""}},"ast-content-background-meta":{"desktop":{"background-color":"var(--ast-global-color-5)","background-image":"","background-repeat":"repeat","background-position":"center center","background-size":"auto","background-attachment":"scroll","background-type":"","background-media":"","overlay-type":"","overlay-color":"","overlay-opacity":"","overlay-gradient":""},"tablet":{"background-color":"var(--ast-global-color-5)","background-image":"","background-repeat":"repeat","background-position":"center center","background-size":"auto","background-attachment":"scroll","background-type":"","background-media":"","overlay-type":"","overlay-color":"","overlay-opacity":"","overlay-gradient":""},"mobile":{"background-color":"var(--ast-global-color-5)","background-image":"","background-repeat":"repeat","background-position":"center center","background-size":"auto","background-attachment":"scroll","background-type":"","background-media":"","overlay-type":"","overlay-color":"","overlay-opacity":"","overlay-gradient":""}},"footnotes":""},"class_list":["post-2055","page","type-page","status-publish","has-post-thumbnail","hentry"],"yoast_head":"<!-- This site is optimized with the Yoast SEO plugin v27.4 - https:\/\/yoast.com\/product\/yoast-seo-wordpress\/ -->\n<title>Arrangements - A l&#039;Epoque<\/title>\n<meta name=\"robots\" content=\"index, follow, max-snippet:-1, max-image-preview:large, max-video-preview:-1\" \/>\n<link rel=\"canonical\" href=\"https:\/\/a-lepoque.com\/fr\/arrangements\/\" \/>\n<meta property=\"og:locale\" content=\"fr_FR\" \/>\n<meta property=\"og:type\" content=\"article\" \/>\n<meta property=\"og:title\" content=\"Arrangements - A l&#039;Epoque\" \/>\n<meta property=\"og:description\" content=\"Chez nous, il s&#8217;agit de se faire plaisir \u00e0 son rythme. Que vous veniez pour le repos, le romantisme ou la d\u00e9couverte culinaire, nous avons soigneusement \u00e9labor\u00e9 des formules qui donneront \u00e0 votre s\u00e9jour un petit plus. Laissez-vous surprendre par des d\u00eeners savoureux, des moments de d\u00e9tente et des exp\u00e9riences sp\u00e9ciales dans les environs. Tout [&hellip;]\" \/>\n<meta property=\"og:url\" content=\"https:\/\/a-lepoque.com\/fr\/arrangements\/\" \/>\n<meta property=\"og:site_name\" content=\"A l&#039;Epoque\" \/>\n<meta property=\"article:modified_time\" content=\"2026-03-01T15:02:43+00:00\" \/>\n<meta property=\"og:image\" content=\"https:\/\/a-lepoque.com\/wp-content\/uploads\/2026\/03\/IMG_7371-scaled.jpeg\" \/>\n\t<meta property=\"og:image:width\" content=\"2560\" \/>\n\t<meta property=\"og:image:height\" content=\"1920\" \/>\n\t<meta property=\"og:image:type\" content=\"image\/jpeg\" \/>\n<meta name=\"twitter:card\" content=\"summary_large_image\" \/>\n<meta name=\"twitter:label1\" content=\"Dur\u00e9e de lecture estim\u00e9e\" \/>\n\t<meta name=\"twitter:data1\" content=\"1 minute\" \/>\n<!-- \/ Yoast SEO plugin. -->","yoast_head_json":{"title":"Arrangements - A l&#039;Epoque","robots":{"index":"index","follow":"follow","max-snippet":"max-snippet:-1","max-image-preview":"max-image-preview:large","max-video-preview":"max-video-preview:-1"},"canonical":"https:\/\/a-lepoque.com\/fr\/arrangements\/","og_locale":"fr_FR","og_type":"article","og_title":"Arrangements - A l&#039;Epoque","og_description":"Chez nous, il s&#8217;agit de se faire plaisir \u00e0 son rythme. Que vous veniez pour le repos, le romantisme ou la d\u00e9couverte culinaire, nous avons soigneusement \u00e9labor\u00e9 des formules qui donneront \u00e0 votre s\u00e9jour un petit plus. Laissez-vous surprendre par des d\u00eeners savoureux, des moments de d\u00e9tente et des exp\u00e9riences sp\u00e9ciales dans les environs. Tout [&hellip;]","og_url":"https:\/\/a-lepoque.com\/fr\/arrangements\/","og_site_name":"A l&#039;Epoque","article_modified_time":"2026-03-01T15:02:43+00:00","og_image":[{"width":2560,"height":1920,"url":"https:\/\/a-lepoque.com\/wp-content\/uploads\/2026\/03\/IMG_7371-scaled.jpeg","type":"image\/jpeg"}],"twitter_card":"summary_large_image","twitter_misc":{"Dur\u00e9e de lecture estim\u00e9e":"1 minute"},"schema":{"@context":"https:\/\/schema.org","@graph":[{"@type":"WebPage","@id":"https:\/\/a-lepoque.com\/fr\/arrangements\/","url":"https:\/\/a-lepoque.com\/fr\/arrangements\/","name":"Arrangements - A l&#039;Epoque","isPartOf":{"@id":"https:\/\/a-lepoque.com\/fr\/#website"},"primaryImageOfPage":{"@id":"https:\/\/a-lepoque.com\/fr\/arrangements\/#primaryimage"},"image":{"@id":"https:\/\/a-lepoque.com\/fr\/arrangements\/#primaryimage"},"thumbnailUrl":"https:\/\/a-lepoque.com\/wp-content\/uploads\/2026\/03\/IMG_7371-scaled.jpeg","datePublished":"2026-03-01T14:48:26+00:00","dateModified":"2026-03-01T15:02:43+00:00","breadcrumb":{"@id":"https:\/\/a-lepoque.com\/fr\/arrangements\/#breadcrumb"},"inLanguage":"fr-FR","potentialAction":[{"@type":"ReadAction","target":["https:\/\/a-lepoque.com\/fr\/arrangements\/"]}]},{"@type":"ImageObject","inLanguage":"fr-FR","@id":"https:\/\/a-lepoque.com\/fr\/arrangements\/#primaryimage","url":"https:\/\/a-lepoque.com\/wp-content\/uploads\/2026\/03\/IMG_7371-scaled.jpeg","contentUrl":"https:\/\/a-lepoque.com\/wp-content\/uploads\/2026\/03\/IMG_7371-scaled.jpeg","width":2560,"height":1920},{"@type":"BreadcrumbList","@id":"https:\/\/a-lepoque.com\/fr\/arrangements\/#breadcrumb","itemListElement":[{"@type":"ListItem","position":1,"name":"Home","item":"https:\/\/a-lepoque.com\/fr\/"},{"@type":"ListItem","position":2,"name":"Arrangements"}]},{"@type":"WebSite","@id":"https:\/\/a-lepoque.com\/fr\/#website","url":"https:\/\/a-lepoque.com\/fr\/","name":"A-Lepoque","description":"","publisher":{"@id":"https:\/\/a-lepoque.com\/fr\/#organization"},"potentialAction":[{"@type":"SearchAction","target":{"@type":"EntryPoint","urlTemplate":"https:\/\/a-lepoque.com\/fr\/?s={search_term_string}"},"query-input":{"@type":"PropertyValueSpecification","valueRequired":true,"valueName":"search_term_string"}}],"inLanguage":"fr-FR"},{"@type":"Organization","@id":"https:\/\/a-lepoque.com\/fr\/#organization","name":"A-Lepoque","url":"https:\/\/a-lepoque.com\/fr\/","logo":{"@type":"ImageObject","inLanguage":"fr-FR","@id":"https:\/\/a-lepoque.com\/fr\/#\/schema\/logo\/image\/","url":"https:\/\/a-lepoque.com\/wp-content\/uploads\/2024\/09\/A-LEpoque_Logo-design_RGB.png","contentUrl":"https:\/\/a-lepoque.com\/wp-content\/uploads\/2024\/09\/A-LEpoque_Logo-design_RGB.png","width":1636,"height":1832,"caption":"A-Lepoque"},"image":{"@id":"https:\/\/a-lepoque.com\/fr\/#\/schema\/logo\/image\/"}}]}},"_links":{"self":[{"href":"https:\/\/a-lepoque.com\/fr\/wp-json\/wp\/v2\/pages\/2055","targetHints":{"allow":["GET"]}}],"collection":[{"href":"https:\/\/a-lepoque.com\/fr\/wp-json\/wp\/v2\/pages"}],"about":[{"href":"https:\/\/a-lepoque.com\/fr\/wp-json\/wp\/v2\/types\/page"}],"author":[{"embeddable":true,"href":"https:\/\/a-lepoque.com\/fr\/wp-json\/wp\/v2\/users\/2"}],"replies":[{"embeddable":true,"href":"https:\/\/a-lepoque.com\/fr\/wp-json\/wp\/v2\/comments?post=2055"}],"version-history":[{"count":5,"href":"https:\/\/a-lepoque.com\/fr\/wp-json\/wp\/v2\/pages\/2055\/revisions"}],"predecessor-version":[{"id":2078,"href":"https:\/\/a-lepoque.com\/fr\/wp-json\/wp\/v2\/pages\/2055\/revisions\/2078"}],"wp:featuredmedia":[{"embeddable":true,"href":"https:\/\/a-lepoque.com\/fr\/wp-json\/wp\/v2\/media\/2084"}],"wp:attachment":[{"href":"https:\/\/a-lepoque.com\/fr\/wp-json\/wp\/v2\/media?parent=2055"}],"curies":[{"name":"wp","href":"https:\/\/api.w.org\/{rel}","templated":true}]}}