{"id":2118,"date":"2026-03-02T09:28:36","date_gmt":"2026-03-02T08:28:36","guid":{"rendered":"https:\/\/a-lepoque.com\/arrangements-2\/"},"modified":"2026-04-16T11:44:09","modified_gmt":"2026-04-16T09:44:09","slug":"arrangements-2","status":"publish","type":"page","link":"https:\/\/a-lepoque.com\/fr\/arrangements-2\/","title":{"rendered":"Arrangements"},"content":{"rendered":"\t\t<div data-elementor-type=\"wp-page\" data-elementor-id=\"2118\" class=\"elementor elementor-2118 elementor-2114\" data-elementor-post-type=\"page\">\n\t\t\t\t\t\t<section class=\"elementor-section elementor-top-section elementor-element elementor-element-6083d5d elementor-section-height-min-height elementor-section-stretched elementor-section-boxed elementor-section-height-default elementor-section-items-middle\" data-id=\"6083d5d\" data-element_type=\"section\" data-e-type=\"section\" data-settings=\"{&quot;background_background&quot;:&quot;classic&quot;,&quot;stretch_section&quot;:&quot;section-stretched&quot;}\">\n\t\t\t\t\t\t\t<div class=\"elementor-background-overlay\"><\/div>\n\t\t\t\t\t\t\t<div class=\"elementor-container elementor-column-gap-default\">\n\t\t\t\t\t<div class=\"elementor-column elementor-col-100 elementor-top-column elementor-element elementor-element-f21e749\" data-id=\"f21e749\" data-element_type=\"column\" data-e-type=\"column\">\n\t\t\t<div class=\"elementor-widget-wrap elementor-element-populated\">\n\t\t\t\t\t\t<div class=\"elementor-element elementor-element-41de4a6 elementor-widget elementor-widget-heading\" data-id=\"41de4a6\" data-element_type=\"widget\" data-e-type=\"widget\" data-widget_type=\"heading.default\">\n\t\t\t\t<div class=\"elementor-widget-container\">\n\t\t\t\t\t<h1 class=\"elementor-heading-title elementor-size-default\">Arrangements<\/h1>\t\t\t\t<\/div>\n\t\t\t\t<\/div>\n\t\t\t\t\t<\/div>\n\t\t<\/div>\n\t\t\t\t\t<\/div>\n\t\t<\/section>\n\t\t\t\t<section class=\"elementor-section elementor-top-section elementor-element elementor-element-536120d elementor-section-boxed elementor-section-height-default elementor-section-height-default\" data-id=\"536120d\" data-element_type=\"section\" data-e-type=\"section\" data-settings=\"{&quot;background_background&quot;:&quot;classic&quot;}\">\n\t\t\t\t\t\t<div class=\"elementor-container elementor-column-gap-default\">\n\t\t\t\t\t<div class=\"elementor-column elementor-col-100 elementor-top-column elementor-element elementor-element-3b7cd66\" data-id=\"3b7cd66\" data-element_type=\"column\" data-e-type=\"column\">\n\t\t\t<div class=\"elementor-widget-wrap elementor-element-populated\">\n\t\t\t\t\t\t<div class=\"elementor-element elementor-element-4680d13 elementor-widget elementor-widget-heading\" data-id=\"4680d13\" data-element_type=\"widget\" data-e-type=\"widget\" data-widget_type=\"heading.default\">\n\t\t\t\t<div class=\"elementor-widget-container\">\n\t\t\t\t\t<h2 class=\"elementor-heading-title elementor-size-default\">Forfaits \u00e0 a l'Epoque<\/h2>\t\t\t\t<\/div>\n\t\t\t\t<\/div>\n\t\t\t\t<div class=\"elementor-element elementor-element-867dfee elementor-widget elementor-widget-text-editor\" data-id=\"867dfee\" data-element_type=\"widget\" data-e-type=\"widget\" data-widget_type=\"text-editor.default\">\n\t\t\t\t<div class=\"elementor-widget-container\">\n\t\t\t\t\t\t\t\t\t<p class=\"font-claude-response-body break-words whitespace-normal leading-[1.7]\">Chez nous, il s&#8217;agit de se faire plaisir \u00e0 son rythme. Que vous veniez pour le calme, l&#8217;espace ou la d\u00e9couverte culinaire, nous avons soigneusement \u00e9labor\u00e9 des formules qui donneront \u00e0 votre s\u00e9jour un petit plus. Dans l&#8217;Indre, vous ne trouverez pas de tourisme de masse, mais de la tranquillit\u00e9, du charme \u00e0 la fran\u00e7aise et des paysages \u00e0 perte de vue.  <\/p>\n<p class=\"font-claude-response-body break-words whitespace-normal leading-[1.7]\">Tous nos forfaits comprennent l&#8217;h\u00e9bergement et le petit-d\u00e9jeuner complet avec des produits locaux. Vous n&#8217;avez donc pas \u00e0 vous pr\u00e9occuper de quoi que ce soit \u00e0 l&#8217;avance et vous pouvez simplement venir et vous amuser. <\/p>\t\t\t\t\t\t\t\t<\/div>\n\t\t\t\t<\/div>\n\t\t\t\t<div class=\"elementor-element elementor-element-81aa721 elementor-widget elementor-widget-menu-anchor\" data-id=\"81aa721\" data-element_type=\"widget\" data-e-type=\"widget\" data-widget_type=\"menu-anchor.default\">\n\t\t\t\t<div class=\"elementor-widget-container\">\n\t\t\t\t\t\t\t<div class=\"elementor-menu-anchor\" id=\"sjourlent\"><\/div>\n\t\t\t\t\t\t<\/div>\n\t\t\t\t<\/div>\n\t\t\t\t<div class=\"elementor-element elementor-element-288b0fd elementor-widget elementor-widget-heading\" data-id=\"288b0fd\" data-element_type=\"widget\" data-e-type=\"widget\" data-widget_type=\"heading.default\">\n\t\t\t\t<div class=\"elementor-widget-container\">\n\t\t\t\t\t<h2 class=\"elementor-heading-title elementor-size-default\">Slow Stay - 2 nuits de d\u00e9tente<\/h2>\t\t\t\t<\/div>\n\t\t\t\t<\/div>\n\t\t\t\t<div class=\"elementor-element elementor-element-d8334e7 elementor-widget elementor-widget-text-editor\" data-id=\"d8334e7\" data-element_type=\"widget\" data-e-type=\"widget\" data-widget_type=\"text-editor.default\">\n\t\t\t\t<div class=\"elementor-widget-container\">\n\t\t\t\t\t\t\t\t\t<p class=\"font-claude-response-body break-words whitespace-normal leading-[1.7]\">Vous voulez vous \u00e9loigner de tout, sans vous presser ? Notre Slow Stay est fait pour ceux qui recherchent le calme et la tranquillit\u00e9. Deux nuits vous permettent de vous poser, de profiter et de d\u00e9couvrir la r\u00e9gion \u00e0 votre guise &#8211; avec des conseils adapt\u00e9s par Max &amp; Christine.  <\/p>\n<p class=\"font-claude-response-body break-words whitespace-normal leading-[1.7]\">Avec une nuit, vous arrivez et repartez principalement. Avec deux nuits, vous avez le temps de vraiment vous d\u00e9tendre : une soir\u00e9e tranquille dans le jardin ou \u00e0 la <a class=\"underline underline underline-offset-2 decoration-1 decoration-current\/40 hover:decoration-current focus:decoration-current\" href=\"https:\/\/a-lepoque.com\/fr\/table-dhotes\/\">table d&#8217;h\u00f4tes<\/a>, une belle journ\u00e9e dans la <a class=\"underline underline underline-offset-2 decoration-1 decoration-current\/40 hover:decoration-current focus:decoration-current\" href=\"https:\/\/a-lepoque.com\/fr\/environnements\/\">r\u00e9gion<\/a> et un petit d\u00e9jeuner d\u00e9tendu pour accompagner le tout. Pour nous, c&#8217;est la formule id\u00e9ale &#8211; et nos h\u00f4tes sont d&#8217;accord.  <\/p>\n<h3 class=\"font-claude-response-body break-words whitespace-normal leading-[1.7]\">Qu&#8217;est-ce qui est inclus ?<br><br><\/h3>\n<ul class=\"[li_&amp;]:mb-0 [li_&amp;]:mt-1 [li_&amp;]:gap-1 [&amp;:not(:last-child)_ul]:pb-1 [&amp;:not(:last-child)_ol]:pb-1 list-disc flex flex-col gap-1 pl-8 mb-3\">\n<li class=\"whitespace-normal break-words pl-2\">2 nuits dans l&#8217;une de nos <a class=\"underline underline underline-offset-2 decoration-1 decoration-current\/40 hover:decoration-current focus:decoration-current\" href=\"https:\/\/a-lepoque.com\/fr\/chambres-et-tarifs\/\">chambres d&#8217;h\u00f4tes<\/a> confortables<\/li>\n<li class=\"whitespace-normal break-words pl-2\">2x petit-d\u00e9jeuner complet avec des produits frais et locaux<\/li>\n<li class=\"whitespace-normal break-words pl-2\">Calme, tranquillit\u00e9 et conseils personnalis\u00e9s en fonction de la r\u00e9gion<\/li>\n<li class=\"whitespace-normal break-words pl-2\">En option : table d&#8217;h\u00f4tes sur r\u00e9servation (24 \u20ac p.p., hors boissons)<\/li>\n<\/ul>\n<h3>Que pouvez-vous faire en 2 jours ?<\/h3>\n<p>Les environs se pr\u00eatent parfaitement \u00e0 des s\u00e9jours de courte dur\u00e9e. Pensez \u00e0 une visite du ch\u00e2teau de Valen\u00e7ay, \u00e0 une promenade dans le parc naturel de la Brenne, \u00e0 une matin\u00e9e au march\u00e9 ou simplement \u00e0 une journ\u00e9e dans le jardin avec un bon livre. Nous connaissons la r\u00e9gion et nous nous ferons un plaisir de vous proposer un programme sur mesure, adapt\u00e9 \u00e0 vos go\u00fbts.  <\/p>\n<p class=\"font-claude-response-body break-words whitespace-normal leading-[1.7]\">Le Slow Stay est disponible toute l&#8217;ann\u00e9e, sous r\u00e9serve de disponibilit\u00e9 des chambres. Le prix est bas\u00e9 sur le tarif de la chambre (petit-d\u00e9jeuner et taxe de s\u00e9jour inclus). Consultez les <a class=\"underline underline underline-offset-2 decoration-1 decoration-current\/40 hover:decoration-current focus:decoration-current\" href=\"https:\/\/a-lepoque.com\/fr\/chambres-et-tarifs\/\">chambres et les tarifs<\/a> ou <a class=\"underline underline underline-offset-2 decoration-1 decoration-current\/40 hover:decoration-current focus:decoration-current\" href=\"https:\/\/a-lepoque.com\/fr\/contact\/\">contactez-nous<\/a> pour conna\u00eetre les disponibilit\u00e9s.  <\/p>\t\t\t\t\t\t\t\t<\/div>\n\t\t\t\t<\/div>\n\t\t\t\t\t<\/div>\n\t\t<\/div>\n\t\t\t\t\t<\/div>\n\t\t<\/section>\n\t\t\t\t<section class=\"elementor-section elementor-top-section elementor-element elementor-element-ce98b9a elementor-section-stretched elementor-section-boxed elementor-section-height-default elementor-section-height-default\" data-id=\"ce98b9a\" data-element_type=\"section\" data-e-type=\"section\" data-settings=\"{&quot;stretch_section&quot;:&quot;section-stretched&quot;}\">\n\t\t\t\t\t\t<div class=\"elementor-container elementor-column-gap-default\">\n\t\t\t\t\t<div class=\"elementor-column elementor-col-100 elementor-top-column elementor-element elementor-element-d9be5d0\" data-id=\"d9be5d0\" data-element_type=\"column\" data-e-type=\"column\">\n\t\t\t<div class=\"elementor-widget-wrap elementor-element-populated\">\n\t\t\t\t\t\t<div class=\"elementor-element elementor-element-bab4699 elementor-widget elementor-widget-heading\" data-id=\"bab4699\" data-element_type=\"widget\" data-e-type=\"widget\" data-widget_type=\"heading.default\">\n\t\t\t\t<div class=\"elementor-widget-container\">\n\t\t\t\t\t<h2 class=\"elementor-heading-title elementor-size-default\">Questions fr\u00e9quemment pos\u00e9es<\/h2>\t\t\t\t<\/div>\n\t\t\t\t<\/div>\n\t\t\t\t<div class=\"elementor-element elementor-element-17996e8 uael-faq-box-layout-yes align-at-left elementor-widget elementor-widget-uael-faq\" data-id=\"17996e8\" data-element_type=\"widget\" data-e-type=\"widget\" data-widget_type=\"uael-faq.default\">\n\t\t\t\t<div class=\"elementor-widget-container\">\n\t\t\t\t\t\n\t\t\t<div id='uael-faq-wrapper-247' class=\"uael-faq-wrapper\">\n\t\t\t\t<div class=\"uael-faq-container uael-faq-layout-accordion\" data-layout=\"accordion\" >\n\t\t\t\t\t\t\t\t\t\t\t\t<div id=\"uael-accordion-5edac0b\" class=\"uael-faq-accordion\" role=\"tablist\">\n\t\t\t\t\t\t\t\t<div class= \"uael-accordion-title\" aria-expanded=\"false\" role=\"tab\">\n\t\t\t\t\t\t\t\t\t<span class=\"uael-accordion-icon uael-accordion-icon-left\">\n\t\t\t\t\t\t\t\t\t\t<span class=\"uael-accordion-icon-closed\"><i class=\"fas fa-angle-right\"><\/i><\/span>\n\t\t\t\t\t\t\t\t\t\t<span class=\"uael-accordion-icon-opened\"><i class=\"fas fa-angle-up\"><\/i><\/span>\n\t\t\t\t\t\t\t\t\t<\/span>\n\t\t\t\t\t\t\t\t\t<span class=\"uael-question-5edac0b uael-question-span\" tabindex=\"0\" id=\"uael-faq-1-69e0b7b516b42\">Pouvons-nous \u00e9galement r\u00e9server une nuit ?<\/span>\n\t\t\t\t\t\t\t\t<\/div>\n\t\t\t\t\t\t\t\t<div class=\"uael-accordion-content\" role=\"tabpanel\">\n\t\t\t\t\t\t\t\t\t<span>\n\t\t\t\t\t\t\t\t\t<span><p>C'est possible, mais pour un v\u00e9ritable repos, nous recommandons au moins deux nuits. Vous aurez ainsi le temps d'atterrir, d'explorer la r\u00e9gion et de vous d\u00e9tendre. <\/p><\/span>\t\t\t\t\t\t\t\t\t<\/span>\n\t\t\t\t\t\t\t\t<\/div>\n\t\t\t\t\t\t\t<\/div>\n\t\t\t\t\t\t\t\t\t\t\t\t\t\t<div id=\"uael-accordion-1e65a31\" class=\"uael-faq-accordion\" role=\"tablist\">\n\t\t\t\t\t\t\t\t<div class= \"uael-accordion-title\" aria-expanded=\"false\" role=\"tab\">\n\t\t\t\t\t\t\t\t\t<span class=\"uael-accordion-icon uael-accordion-icon-left\">\n\t\t\t\t\t\t\t\t\t\t<span class=\"uael-accordion-icon-closed\"><i class=\"fas fa-angle-right\"><\/i><\/span>\n\t\t\t\t\t\t\t\t\t\t<span class=\"uael-accordion-icon-opened\"><i class=\"fas fa-angle-up\"><\/i><\/span>\n\t\t\t\t\t\t\t\t\t<\/span>\n\t\t\t\t\t\t\t\t\t<span class=\"uael-question-1e65a31 uael-question-span\" tabindex=\"0\" id=\"uael-faq-2-69e0b7b516b90\">Le petit-d\u00e9jeuner est-il inclus ?<\/span>\n\t\t\t\t\t\t\t\t<\/div>\n\t\t\t\t\t\t\t\t<div class=\"uael-accordion-content\" role=\"tabpanel\">\n\t\t\t\t\t\t\t\t\t<span>\n\t\t\t\t\t\t\t\t\t<span><p>Oui, tous nos forfaits comprennent un petit-d\u00e9jeuner complet avec des produits locaux.<\/p><\/span>\t\t\t\t\t\t\t\t\t<\/span>\n\t\t\t\t\t\t\t\t<\/div>\n\t\t\t\t\t\t\t<\/div>\n\t\t\t\t\t\t\t\t\t\t\t\t\t\t<div id=\"uael-accordion-b835540\" class=\"uael-faq-accordion\" role=\"tablist\">\n\t\t\t\t\t\t\t\t<div class= \"uael-accordion-title\" aria-expanded=\"false\" role=\"tab\">\n\t\t\t\t\t\t\t\t\t<span class=\"uael-accordion-icon uael-accordion-icon-left\">\n\t\t\t\t\t\t\t\t\t\t<span class=\"uael-accordion-icon-closed\"><i class=\"fas fa-angle-right\"><\/i><\/span>\n\t\t\t\t\t\t\t\t\t\t<span class=\"uael-accordion-icon-opened\"><i class=\"fas fa-angle-up\"><\/i><\/span>\n\t\t\t\t\t\t\t\t\t<\/span>\n\t\t\t\t\t\t\t\t\t<span class=\"uael-question-b835540 uael-question-span\" tabindex=\"0\" id=\"uael-faq-3-69e0b7b516bc6\">La table d'h\u00f4tes est-elle incluse ?<\/span>\n\t\t\t\t\t\t\t\t<\/div>\n\t\t\t\t\t\t\t\t<div class=\"uael-accordion-content\" role=\"tabpanel\">\n\t\t\t\t\t\t\t\t\t<span>\n\t\t\t\t\t\t\t\t\t<span><p>Au Slow Stay, la <a class=\"underline underline underline-offset-2 decoration-1 decoration-current\/40 hover:decoration-current focus:decoration-current\" href=\"https:\/\/a-lepoque.com\/fr\/table-dhotes\/\">table d'h\u00f4tes<\/a> est facultative sur r\u00e9servation (24 \u20ac p.p., hors boissons).<\/p><\/span>\t\t\t\t\t\t\t\t\t<\/span>\n\t\t\t\t\t\t\t\t<\/div>\n\t\t\t\t\t\t\t<\/div>\n\t\t\t\t\t\t\t\t\t\t\t\t\t\t<div id=\"uael-accordion-f5bedaa\" class=\"uael-faq-accordion\" role=\"tablist\">\n\t\t\t\t\t\t\t\t<div class= \"uael-accordion-title\" aria-expanded=\"false\" role=\"tab\">\n\t\t\t\t\t\t\t\t\t<span class=\"uael-accordion-icon uael-accordion-icon-left\">\n\t\t\t\t\t\t\t\t\t\t<span class=\"uael-accordion-icon-closed\"><i class=\"fas fa-angle-right\"><\/i><\/span>\n\t\t\t\t\t\t\t\t\t\t<span class=\"uael-accordion-icon-opened\"><i class=\"fas fa-angle-up\"><\/i><\/span>\n\t\t\t\t\t\t\t\t\t<\/span>\n\t\t\t\t\t\t\t\t\t<span class=\"uael-question-f5bedaa uael-question-span\" tabindex=\"0\" id=\"uael-faq-4-69e0b7b516bf2\">Est-ce que c'est calme ici ?<\/span>\n\t\t\t\t\t\t\t\t<\/div>\n\t\t\t\t\t\t\t\t<div class=\"uael-accordion-content\" role=\"tabpanel\">\n\t\t\t\t\t\t\t\t\t<span>\n\t\t\t\t\t\t\t\t\t<span><p>Oui. a l'Epoque se trouve dans la campagne pr\u00e8s de Bouges-le-Ch\u00e2teau, dans un environnement calme et rural, sans tourisme de masse. <\/p><\/span>\t\t\t\t\t\t\t\t\t<\/span>\n\t\t\t\t\t\t\t\t<\/div>\n\t\t\t\t\t\t\t<\/div>\n\t\t\t\t\t\t\t\t\t\t\t\t\t\t<div id=\"uael-accordion-560b7e2\" class=\"uael-faq-accordion\" role=\"tablist\">\n\t\t\t\t\t\t\t\t<div class= \"uael-accordion-title\" aria-expanded=\"false\" role=\"tab\">\n\t\t\t\t\t\t\t\t\t<span class=\"uael-accordion-icon uael-accordion-icon-left\">\n\t\t\t\t\t\t\t\t\t\t<span class=\"uael-accordion-icon-closed\"><i class=\"fas fa-angle-right\"><\/i><\/span>\n\t\t\t\t\t\t\t\t\t\t<span class=\"uael-accordion-icon-opened\"><i class=\"fas fa-angle-up\"><\/i><\/span>\n\t\t\t\t\t\t\t\t\t<\/span>\n\t\t\t\t\t\t\t\t\t<span class=\"uael-question-560b7e2 uael-question-span\" tabindex=\"0\" id=\"uael-faq-5-69e0b7b516c1f\">Pouvez-vous nous donner des conseils personnalis\u00e9s ?<\/span>\n\t\t\t\t\t\t\t\t<\/div>\n\t\t\t\t\t\t\t\t<div class=\"uael-accordion-content\" role=\"tabpanel\">\n\t\t\t\t\t\t\t\t\t<span>\n\t\t\t\t\t\t\t\t\t<span><p>Bien s\u00fbr. Nous connaissons bien la r\u00e9gion et nous serons heureux d'\u00e9laborer un programme en fonction de vos centres d'int\u00e9r\u00eat - que vous aimiez les ch\u00e2teaux, la nature, les march\u00e9s ou simplement la bonne cuisine. <\/p><\/span>\t\t\t\t\t\t\t\t\t<\/span>\n\t\t\t\t\t\t\t\t<\/div>\n\t\t\t\t\t\t\t<\/div>\n\t\t\t\t\t\t\t\t\t\t\t\t\t\t<div id=\"uael-accordion-d43afcc\" class=\"uael-faq-accordion\" role=\"tablist\">\n\t\t\t\t\t\t\t\t<div class= \"uael-accordion-title\" aria-expanded=\"false\" role=\"tab\">\n\t\t\t\t\t\t\t\t\t<span class=\"uael-accordion-icon uael-accordion-icon-left\">\n\t\t\t\t\t\t\t\t\t\t<span class=\"uael-accordion-icon-closed\"><i class=\"fas fa-angle-right\"><\/i><\/span>\n\t\t\t\t\t\t\t\t\t\t<span class=\"uael-accordion-icon-opened\"><i class=\"fas fa-angle-up\"><\/i><\/span>\n\t\t\t\t\t\t\t\t\t<\/span>\n\t\t\t\t\t\t\t\t\t<span class=\"uael-question-d43afcc uael-question-span\" tabindex=\"0\" id=\"uael-faq-6-69e0b7b516c4b\">Y aura-t-il d'autres paquets ?<\/span>\n\t\t\t\t\t\t\t\t<\/div>\n\t\t\t\t\t\t\t\t<div class=\"uael-accordion-content\" role=\"tabpanel\">\n\t\t\t\t\t\t\t\t\t<span>\n\t\t\t\t\t\t\t\t\t<span><p>Oui, nous travaillons sur des formules saisonni\u00e8res. Gardez un \u0153il sur le site web ou <a class=\"underline underline underline-offset-2 decoration-1 decoration-current\/40 hover:decoration-current focus:decoration-current\" href=\"https:\/\/a-lepoque.com\/fr\/contact\/\">contactez-nous<\/a> et nous vous tiendrons au courant. <\/p><\/span>\t\t\t\t\t\t\t\t\t<\/span>\n\t\t\t\t\t\t\t\t<\/div>\n\t\t\t\t\t\t\t<\/div>\n\t\t\t\t\t\t\t\t\t\t\t<\/div>\n\t\t\t<\/div>\n\t\t\t\t\t\t\t<\/div>\n\t\t\t\t<\/div>\n\t\t\t\t\t<\/div>\n\t\t<\/div>\n\t\t\t\t\t<\/div>\n\t\t<\/section>\n\t\t\t\t<\/div>\n\t\t","protected":false},"excerpt":{"rendered":"<p>Forfaits \u00e0 A l&#8217;Epoque Chez nous, il s&#8217;agit de se faire plaisir \u00e0 son rythme. Que vous veniez pour le calme, l&#8217;espace ou la d\u00e9couverte culinaire, nous avons soigneusement \u00e9labor\u00e9 des formules qui donneront \u00e0 votre s\u00e9jour un petit plus. Dans l&#8217;Indre, vous ne trouverez pas de tourisme de masse, mais de la tranquillit\u00e9, du [&hellip;]<\/p>\n","protected":false},"author":2,"featured_media":2090,"parent":0,"menu_order":0,"comment_status":"closed","ping_status":"closed","template":"elementor_header_footer","meta":{"site-sidebar-layout":"default","site-content-layout":"","ast-site-content-layout":"default","site-content-style":"default","site-sidebar-style":"default","ast-global-header-display":"","ast-banner-title-visibility":"","ast-main-header-display":"","ast-hfb-above-header-display":"","ast-hfb-below-header-display":"","ast-hfb-mobile-header-display":"","site-post-title":"","ast-breadcrumbs-content":"","ast-featured-img":"","footer-sml-layout":"","ast-disable-related-posts":"","theme-transparent-header-meta":"","adv-header-id-meta":"","stick-header-meta":"","header-above-stick-meta":"","header-main-stick-meta":"","header-below-stick-meta":"","astra-migrate-meta-layouts":"default","ast-page-background-enabled":"default","ast-page-background-meta":{"desktop":{"background-color":"var(--ast-global-color-4)","background-image":"","background-repeat":"repeat","background-position":"center center","background-size":"auto","background-attachment":"scroll","background-type":"","background-media":"","overlay-type":"","overlay-color":"","overlay-opacity":"","overlay-gradient":""},"tablet":{"background-color":"","background-image":"","background-repeat":"repeat","background-position":"center center","background-size":"auto","background-attachment":"scroll","background-type":"","background-media":"","overlay-type":"","overlay-color":"","overlay-opacity":"","overlay-gradient":""},"mobile":{"background-color":"","background-image":"","background-repeat":"repeat","background-position":"center center","background-size":"auto","background-attachment":"scroll","background-type":"","background-media":"","overlay-type":"","overlay-color":"","overlay-opacity":"","overlay-gradient":""}},"ast-content-background-meta":{"desktop":{"background-color":"var(--ast-global-color-5)","background-image":"","background-repeat":"repeat","background-position":"center center","background-size":"auto","background-attachment":"scroll","background-type":"","background-media":"","overlay-type":"","overlay-color":"","overlay-opacity":"","overlay-gradient":""},"tablet":{"background-color":"var(--ast-global-color-5)","background-image":"","background-repeat":"repeat","background-position":"center center","background-size":"auto","background-attachment":"scroll","background-type":"","background-media":"","overlay-type":"","overlay-color":"","overlay-opacity":"","overlay-gradient":""},"mobile":{"background-color":"var(--ast-global-color-5)","background-image":"","background-repeat":"repeat","background-position":"center center","background-size":"auto","background-attachment":"scroll","background-type":"","background-media":"","overlay-type":"","overlay-color":"","overlay-opacity":"","overlay-gradient":""}},"footnotes":""},"class_list":["post-2118","page","type-page","status-publish","has-post-thumbnail","hentry"],"yoast_head":"<!-- This site is optimized with the Yoast SEO plugin v27.4 - https:\/\/yoast.com\/product\/yoast-seo-wordpress\/ -->\n<title>Arrangements - A l&#039;Epoque<\/title>\n<meta name=\"robots\" content=\"index, follow, max-snippet:-1, max-image-preview:large, max-video-preview:-1\" \/>\n<link rel=\"canonical\" href=\"https:\/\/a-lepoque.com\/fr\/arrangements-2\/\" \/>\n<meta property=\"og:locale\" content=\"fr_FR\" \/>\n<meta property=\"og:type\" content=\"article\" \/>\n<meta property=\"og:title\" content=\"Arrangements - A l&#039;Epoque\" \/>\n<meta property=\"og:description\" content=\"Forfaits \u00e0 A l&#8217;Epoque Chez nous, il s&#8217;agit de se faire plaisir \u00e0 son rythme. Que vous veniez pour le calme, l&#8217;espace ou la d\u00e9couverte culinaire, nous avons soigneusement \u00e9labor\u00e9 des formules qui donneront \u00e0 votre s\u00e9jour un petit plus. Dans l&#8217;Indre, vous ne trouverez pas de tourisme de masse, mais de la tranquillit\u00e9, du [&hellip;]\" \/>\n<meta property=\"og:url\" content=\"https:\/\/a-lepoque.com\/fr\/arrangements-2\/\" \/>\n<meta property=\"og:site_name\" content=\"A l&#039;Epoque\" \/>\n<meta property=\"article:modified_time\" content=\"2026-04-16T09:44:09+00:00\" \/>\n<meta property=\"og:image\" content=\"https:\/\/a-lepoque.com\/wp-content\/uploads\/2026\/03\/IMG_7373-scaled.jpeg\" \/>\n\t<meta property=\"og:image:width\" content=\"2560\" \/>\n\t<meta property=\"og:image:height\" content=\"1920\" \/>\n\t<meta property=\"og:image:type\" content=\"image\/jpeg\" \/>\n<meta name=\"twitter:card\" content=\"summary_large_image\" \/>\n<meta name=\"twitter:label1\" content=\"Dur\u00e9e de lecture estim\u00e9e\" \/>\n\t<meta name=\"twitter:data1\" content=\"3 minutes\" \/>\n<!-- \/ Yoast SEO plugin. -->","yoast_head_json":{"title":"Arrangements - A l&#039;Epoque","robots":{"index":"index","follow":"follow","max-snippet":"max-snippet:-1","max-image-preview":"max-image-preview:large","max-video-preview":"max-video-preview:-1"},"canonical":"https:\/\/a-lepoque.com\/fr\/arrangements-2\/","og_locale":"fr_FR","og_type":"article","og_title":"Arrangements - A l&#039;Epoque","og_description":"Forfaits \u00e0 A l&#8217;Epoque Chez nous, il s&#8217;agit de se faire plaisir \u00e0 son rythme. Que vous veniez pour le calme, l&#8217;espace ou la d\u00e9couverte culinaire, nous avons soigneusement \u00e9labor\u00e9 des formules qui donneront \u00e0 votre s\u00e9jour un petit plus. Dans l&#8217;Indre, vous ne trouverez pas de tourisme de masse, mais de la tranquillit\u00e9, du [&hellip;]","og_url":"https:\/\/a-lepoque.com\/fr\/arrangements-2\/","og_site_name":"A l&#039;Epoque","article_modified_time":"2026-04-16T09:44:09+00:00","og_image":[{"width":2560,"height":1920,"url":"https:\/\/a-lepoque.com\/wp-content\/uploads\/2026\/03\/IMG_7373-scaled.jpeg","type":"image\/jpeg"}],"twitter_card":"summary_large_image","twitter_misc":{"Dur\u00e9e de lecture estim\u00e9e":"3 minutes"},"schema":{"@context":"https:\/\/schema.org","@graph":[{"@type":"WebPage","@id":"https:\/\/a-lepoque.com\/fr\/arrangements-2\/","url":"https:\/\/a-lepoque.com\/fr\/arrangements-2\/","name":"Arrangements - A l&#039;Epoque","isPartOf":{"@id":"https:\/\/a-lepoque.com\/fr\/#website"},"primaryImageOfPage":{"@id":"https:\/\/a-lepoque.com\/fr\/arrangements-2\/#primaryimage"},"image":{"@id":"https:\/\/a-lepoque.com\/fr\/arrangements-2\/#primaryimage"},"thumbnailUrl":"https:\/\/a-lepoque.com\/wp-content\/uploads\/2026\/03\/IMG_7373-scaled.jpeg","datePublished":"2026-03-02T08:28:36+00:00","dateModified":"2026-04-16T09:44:09+00:00","breadcrumb":{"@id":"https:\/\/a-lepoque.com\/fr\/arrangements-2\/#breadcrumb"},"inLanguage":"fr-FR","potentialAction":[{"@type":"ReadAction","target":["https:\/\/a-lepoque.com\/fr\/arrangements-2\/"]}]},{"@type":"ImageObject","inLanguage":"fr-FR","@id":"https:\/\/a-lepoque.com\/fr\/arrangements-2\/#primaryimage","url":"https:\/\/a-lepoque.com\/wp-content\/uploads\/2026\/03\/IMG_7373-scaled.jpeg","contentUrl":"https:\/\/a-lepoque.com\/wp-content\/uploads\/2026\/03\/IMG_7373-scaled.jpeg","width":2560,"height":1920,"caption":"Calme serein dans l'Indre"},{"@type":"BreadcrumbList","@id":"https:\/\/a-lepoque.com\/fr\/arrangements-2\/#breadcrumb","itemListElement":[{"@type":"ListItem","position":1,"name":"Home","item":"https:\/\/a-lepoque.com\/fr\/accueil\/"},{"@type":"ListItem","position":2,"name":"Arrangements"}]},{"@type":"WebSite","@id":"https:\/\/a-lepoque.com\/fr\/#website","url":"https:\/\/a-lepoque.com\/fr\/","name":"A-Lepoque","description":"","publisher":{"@id":"https:\/\/a-lepoque.com\/fr\/#organization"},"potentialAction":[{"@type":"SearchAction","target":{"@type":"EntryPoint","urlTemplate":"https:\/\/a-lepoque.com\/fr\/?s={search_term_string}"},"query-input":{"@type":"PropertyValueSpecification","valueRequired":true,"valueName":"search_term_string"}}],"inLanguage":"fr-FR"},{"@type":"Organization","@id":"https:\/\/a-lepoque.com\/fr\/#organization","name":"A-Lepoque","url":"https:\/\/a-lepoque.com\/fr\/","logo":{"@type":"ImageObject","inLanguage":"fr-FR","@id":"https:\/\/a-lepoque.com\/fr\/#\/schema\/logo\/image\/","url":"https:\/\/a-lepoque.com\/wp-content\/uploads\/2024\/09\/A-LEpoque_Logo-design_RGB.png","contentUrl":"https:\/\/a-lepoque.com\/wp-content\/uploads\/2024\/09\/A-LEpoque_Logo-design_RGB.png","width":1636,"height":1832,"caption":"A-Lepoque"},"image":{"@id":"https:\/\/a-lepoque.com\/fr\/#\/schema\/logo\/image\/"}}]}},"_links":{"self":[{"href":"https:\/\/a-lepoque.com\/fr\/wp-json\/wp\/v2\/pages\/2118","targetHints":{"allow":["GET"]}}],"collection":[{"href":"https:\/\/a-lepoque.com\/fr\/wp-json\/wp\/v2\/pages"}],"about":[{"href":"https:\/\/a-lepoque.com\/fr\/wp-json\/wp\/v2\/types\/page"}],"author":[{"embeddable":true,"href":"https:\/\/a-lepoque.com\/fr\/wp-json\/wp\/v2\/users\/2"}],"replies":[{"embeddable":true,"href":"https:\/\/a-lepoque.com\/fr\/wp-json\/wp\/v2\/comments?post=2118"}],"version-history":[{"count":16,"href":"https:\/\/a-lepoque.com\/fr\/wp-json\/wp\/v2\/pages\/2118\/revisions"}],"predecessor-version":[{"id":3094,"href":"https:\/\/a-lepoque.com\/fr\/wp-json\/wp\/v2\/pages\/2118\/revisions\/3094"}],"wp:featuredmedia":[{"embeddable":true,"href":"https:\/\/a-lepoque.com\/fr\/wp-json\/wp\/v2\/media\/2090"}],"wp:attachment":[{"href":"https:\/\/a-lepoque.com\/fr\/wp-json\/wp\/v2\/media?parent=2118"}],"curies":[{"name":"wp","href":"https:\/\/api.w.org\/{rel}","templated":true}]}}